{"id":894,"date":"2019-12-08T13:46:36","date_gmt":"2019-12-08T13:46:36","guid":{"rendered":"https:\/\/anonimaids.hu\/?page_id=894"},"modified":"2021-08-03T11:56:41","modified_gmt":"2021-08-03T11:56:41","slug":"foire-aux-questions","status":"publish","type":"page","link":"https:\/\/anonimaids.hu\/fr\/foire-aux-questions\/","title":{"rendered":"Foire aux questions"},"content":{"rendered":"<p>[et_pb_section fb_built=&#8221;1&#8243; admin_label=&#8221;Header&#8221; _builder_version=&#8221;3.26.2&#8243; locked=&#8221;off&#8221;][et_pb_row _builder_version=&#8221;3.29.3&#8243;][et_pb_column type=&#8221;4_4&#8243; _builder_version=&#8221;3.29.3&#8243;][et_pb_text _builder_version=&#8221;4.9.10&#8243; header_font=&#8221;Englebert|300|||||||&#8221; header_text_color=&#8221;#0a2d61&#8243; header_font_size=&#8221;80px&#8221; custom_margin=&#8221;|-89px||||&#8221; hover_enabled=&#8221;0&#8243; header_font_size_tablet=&#8221;70px&#8221; header_font_size_phone=&#8221;36px&#8221; header_font_size_last_edited=&#8221;on|phone&#8221; custom_padding=&#8221;3px||||false|false&#8221; sticky_enabled=&#8221;0&#8243;]<\/p>\n<h1><b>Foire aux questions<\/b><\/h1>\n<p>[\/et_pb_text][\/et_pb_column][\/et_pb_row][et_pb_row use_custom_gutter=&#8221;on&#8221; gutter_width=&#8221;4&#8243; make_equal=&#8221;on&#8221; custom_padding_last_edited=&#8221;on|tablet&#8221; _builder_version=&#8221;3.26.2&#8243; background_color=&#8221;#ffffff&#8221; min_height=&#8221;600px&#8221; overflow-x=&#8221;visible&#8221; overflow-y=&#8221;visible&#8221; custom_margin=&#8221;40px|auto|-1px|auto||false&#8221; custom_padding=&#8221;100px|60px|100px|60px|true|true&#8221; custom_padding_tablet=&#8221;&#8221; custom_padding_phone=&#8221;30px|20px|30px|20px|true|true&#8221; box_shadow_style=&#8221;preset3&#8243; box_shadow_vertical=&#8221;26px&#8221; box_shadow_blur=&#8221;90px&#8221; box_shadow_spread=&#8221;-14px&#8221; box_shadow_color=&#8221;rgba(0,71,214,0.18)&#8221; locked=&#8221;off&#8221; box_shadow_vertical__hover=&#8221;10px&#8221; box_shadow_vertical__hover_enabled=&#8221;off&#8221; box_shadow_blur__hover=&#8221;20px&#8221; box_shadow_blur__hover_enabled=&#8221;off&#8221; box_shadow_color__hover=&#8221;#2585b2&#8243;][et_pb_column type=&#8221;4_4&#8243; _builder_version=&#8221;3.26.2&#8243; custom_padding_tablet=&#8221;0px||||false|false&#8221; custom_padding_last_edited=&#8221;off|tablet&#8221;][et_pb_accordion _builder_version=&#8221;4.0.7&#8243; toggle_font=&#8221;Englebert||||||||&#8221; toggle_font_size=&#8221;30px&#8221; body_font_size=&#8221;17px&#8221; body_line_height=&#8221;1.8em&#8221;][et_pb_accordion_item title=&#8221;Est-il n\u00e9cessaire de prendre un rendez-vous ?&#8221; open=&#8221;on&#8221; _builder_version=&#8221;4.0.7&#8243;]<\/p>\n<p><span style=\"font-weight: 400\">Aucune prise de rendez-vous \u00e0 l&#8217;avance n&#8217;est n\u00e9cessaire pour le d\u00e9pistage du VIH chez nous. Si vous demandez une consultation en fran\u00e7ais, nous sommes \u00e0 votre service en g\u00e9n\u00e9ral les mardis et les mercredis l&#8217;apr\u00e8s-midi et le soir. Dans ce cas, veuillez contacter notre cabinet de m\u00e9decin en avance \u00e0 l&#8217;adresse \u00e9lectronique indiqu\u00e9e pr\u00e9c\u00e9demment. <\/span><span style=\"font-weight: 400\">Sinon, nous sommes \u00e0 votre disposition pendant les horaires de prise de sang <\/span><span style=\"font-weight: 400\">donc lundi, mercredi, jeudi : de 17h00 \u00e0 20h00, mardi :\u00a0 de 9h00 \u00e0 12h00 et de 16h00 \u00e0 19h00 et vendredi : de 9h00 \u00e0 12h00.<\/span><\/p>\n<p>[\/et_pb_accordion_item][et_pb_accordion_item title=&#8221;Quels sont les sympt\u00f4mes d&#8217;un patient n\u00e9gatif du VIH ?&#8221; _builder_version=&#8221;4.0.7&#8243; open=&#8221;off&#8221;]<\/p>\n<p><span style=\"font-weight: 400\">La s\u00e9ropositivit\u00e9 en soi n&#8217;a absolument <\/span><b>aucun sympt\u00f4me visible ou perceptible.<\/b><span style=\"font-weight: 400\"> N&#8217;importe qui peut \u00eatre porteur de virus ou infect\u00e9 par le VIH, cela ne peut \u00eatre d\u00e9montrer que par un test de d\u00e9pistage au laboratoire.<\/span><\/p>\n<p>[\/et_pb_accordion_item][et_pb_accordion_item title=&#8221;Quels traitements en Hongrie ?&#8221; _builder_version=&#8221;4.0.7&#8243; open=&#8221;off&#8221;]<\/p>\n<p><span style=\"font-weight: 400\">En Hongrie, ainsi que dans les pays les plus d\u00e9velopp\u00e9s, on utilise au sein de la th\u00e9rapie du SIDA un traitement soi-disant combin\u00e9 qui comprend la prise simultan\u00e9e \u2013 la combinaison \u2013 de plusieurs m\u00e9dicaments s\u00e9lectionn\u00e9 d&#8217;une douzaine de m\u00e9dicaments. L&#8217;efficacit\u00e9 du traitement est prouv\u00e9e par l&#8217;exp\u00e9rience m\u00e9dicale internationale. La th\u00e9rapie est toujours personnalis\u00e9e, qui veut dire que les m\u00e9decins d\u00e9cident du rem\u00e8de n\u00e9cessaire apr\u00e8s avoir consid\u00e9r\u00e9 et r\u00e9fl\u00e9chi sur de nombreux facteurs.<\/span><\/p>\n<p>[\/et_pb_accordion_item][\/et_pb_accordion][\/et_pb_column][\/et_pb_row][\/et_pb_section]<\/p>\n<span class=\"et_bloom_bottom_trigger\"><\/span>","protected":false},"excerpt":{"rendered":"<p>Foire aux questionsAucune prise de rendez-vous \u00e0 l&#8217;avance n&#8217;est n\u00e9cessaire pour le d\u00e9pistage du VIH chez nous. Si vous demandez une consultation en fran\u00e7ais, nous sommes \u00e0 votre service en g\u00e9n\u00e9ral les mardis et les mercredis l&#8217;apr\u00e8s-midi et le soir. Dans ce cas, veuillez contacter notre cabinet de m\u00e9decin en avance \u00e0 l&#8217;adresse \u00e9lectronique indiqu\u00e9e [&hellip;]<\/p>\n","protected":false},"author":5536,"featured_media":0,"parent":0,"menu_order":0,"comment_status":"closed","ping_status":"closed","template":"","meta":{"_et_pb_use_builder":"on","_et_pb_old_content":"","_et_gb_content_width":"","footnotes":""},"class_list":["post-894","page","type-page","status-publish","hentry"],"_links":{"self":[{"href":"https:\/\/anonimaids.hu\/fr\/wp-json\/wp\/v2\/pages\/894","targetHints":{"allow":["GET"]}}],"collection":[{"href":"https:\/\/anonimaids.hu\/fr\/wp-json\/wp\/v2\/pages"}],"about":[{"href":"https:\/\/anonimaids.hu\/fr\/wp-json\/wp\/v2\/types\/page"}],"author":[{"embeddable":true,"href":"https:\/\/anonimaids.hu\/fr\/wp-json\/wp\/v2\/users\/5536"}],"replies":[{"embeddable":true,"href":"https:\/\/anonimaids.hu\/fr\/wp-json\/wp\/v2\/comments?post=894"}],"version-history":[{"count":0,"href":"https:\/\/anonimaids.hu\/fr\/wp-json\/wp\/v2\/pages\/894\/revisions"}],"wp:attachment":[{"href":"https:\/\/anonimaids.hu\/fr\/wp-json\/wp\/v2\/media?parent=894"}],"curies":[{"name":"wp","href":"https:\/\/api.w.org\/{rel}","templated":true}]}}