{"id":610,"date":"2019-09-17T19:14:58","date_gmt":"2019-09-17T19:14:58","guid":{"rendered":"https:\/\/anonimaids.hu\/?page_id=610"},"modified":"2021-08-03T11:39:32","modified_gmt":"2021-08-03T11:39:32","slug":"megelozes","status":"publish","type":"page","link":"https:\/\/anonimaids.hu\/fr\/megelozes\/","title":{"rendered":"Pr\u00e9vention"},"content":{"rendered":"<p>[et_pb_section fb_built=&#8221;1&#8243; admin_label=&#8221;Header&#8221; _builder_version=&#8221;3.26.2&#8243; custom_padding=&#8221;||124px||false|false&#8221; locked=&#8221;off&#8221;][et_pb_row _builder_version=&#8221;3.29.3&#8243;][et_pb_column type=&#8221;4_4&#8243; _builder_version=&#8221;3.26.2&#8243;][et_pb_text _builder_version=&#8221;4.9.10&#8243; header_font=&#8221;Englebert|300|||||||&#8221; header_text_color=&#8221;#0a2d61&#8243; header_font_size=&#8221;80px&#8221; hover_enabled=&#8221;0&#8243; header_font_size_tablet=&#8221;70px&#8221; header_font_size_phone=&#8221;36px&#8221; header_font_size_last_edited=&#8221;on|phone&#8221; locked=&#8221;off&#8221; custom_padding=&#8221;3px||||false|false&#8221; sticky_enabled=&#8221;0&#8243;]<\/p>\n<h1>Pr\u00e9vention<\/h1>\n<p>[\/et_pb_text][et_pb_button button_url=&#8221;\/fr\/contact\/#time&#8221; button_text=&#8221;Heures de consultation&#8221; _builder_version=&#8221;4.9.10&#8243; custom_button=&#8221;on&#8221; button_text_size=&#8221;14px&#8221; button_text_color=&#8221;#ffffff&#8221; button_bg_use_color_gradient=&#8221;on&#8221; button_bg_color_gradient_start=&#8221;#ffb565&#8243; button_bg_color_gradient_end=&#8221;#ff8e60&#8243; button_bg_color_gradient_direction=&#8221;148deg&#8221; button_border_width=&#8221;0px&#8221; button_border_radius=&#8221;100px&#8221; button_letter_spacing=&#8221;2px&#8221; button_font=&#8221;Heebo|700||on|||||&#8221; custom_padding=&#8221;15px|34px|15px|34px|true|true&#8221; hover_enabled=&#8221;0&#8243; box_shadow_style=&#8221;preset3&#8243; box_shadow_vertical=&#8221;10px&#8221; box_shadow_blur=&#8221;30px&#8221; box_shadow_spread=&#8221;-10px&#8221; box_shadow_color=&#8221;rgba(255,142,96,0.39)&#8221; locked=&#8221;off&#8221; box_shadow_color__hover=&#8221;#2585b2&#8243; box_shadow_blur__hover_enabled=&#8221;off&#8221; box_shadow_blur__hover=&#8221;20px&#8221; box_shadow_vertical__hover_enabled=&#8221;off&#8221; box_shadow_vertical__hover=&#8221;10px&#8221; custom_margin=&#8221;|300px||400px|false|false&#8221; custom_margin_last_edited=&#8221;on|phone&#8221; sticky_enabled=&#8221;0&#8243; custom_margin_phone=&#8221;|10px||10px|false|false&#8221;][\/et_pb_button][\/et_pb_column][\/et_pb_row][et_pb_row use_custom_gutter=&#8221;on&#8221; gutter_width=&#8221;4&#8243; make_equal=&#8221;on&#8221; custom_padding_last_edited=&#8221;on|tablet&#8221; _builder_version=&#8221;4.9.10&#8243; background_color=&#8221;#ffffff&#8221; overflow-x=&#8221;visible&#8221; overflow-y=&#8221;visible&#8221; custom_margin=&#8221;31px|auto||auto||false&#8221; custom_padding=&#8221;80px|34px|80px|34px|true|true&#8221; custom_padding_tablet=&#8221;&#8221; custom_padding_phone=&#8221;30px|20px|30px|20px|true|true&#8221; hover_enabled=&#8221;0&#8243; box_shadow_style=&#8221;preset3&#8243; box_shadow_vertical=&#8221;26px&#8221; box_shadow_blur=&#8221;90px&#8221; box_shadow_spread=&#8221;-14px&#8221; box_shadow_color=&#8221;rgba(0,71,214,0.18)&#8221; locked=&#8221;off&#8221; box_shadow_vertical__hover=&#8221;10px&#8221; box_shadow_vertical__hover_enabled=&#8221;off&#8221; box_shadow_blur__hover=&#8221;20px&#8221; box_shadow_blur__hover_enabled=&#8221;off&#8221; box_shadow_color__hover=&#8221;#2585b2&#8243; sticky_enabled=&#8221;0&#8243;][et_pb_column type=&#8221;4_4&#8243; _builder_version=&#8221;3.26.2&#8243; custom_padding_tablet=&#8221;0px||||false|false&#8221; custom_padding_last_edited=&#8221;off|tablet&#8221;][et_pb_text _builder_version=&#8221;3.29.3&#8243; text_font=&#8221;||||||||&#8221; text_font_size=&#8221;17px&#8221; text_line_height=&#8221;1.8em&#8221; header_3_font=&#8221;Heebo|800|||||||&#8221; header_3_font_size=&#8221;28px&#8221; header_3_line_height=&#8221;1.2em&#8221; custom_margin=&#8221;|||-6px||&#8221; custom_padding=&#8221;|||4px||&#8221; text_font_size_tablet=&#8221;17px&#8221; text_font_size_phone=&#8221;14px&#8221; text_font_size_last_edited=&#8221;on|phone&#8221; header_3_font_tablet=&#8221;Heebo|700|||||||&#8221; header_3_font_phone=&#8221;&#8221; header_3_font_last_edited=&#8221;on|phone&#8221; header_3_font_size_tablet=&#8221;24px&#8221; header_3_font_size_phone=&#8221;18px&#8221; header_3_font_size_last_edited=&#8221;on|phone&#8221; locked=&#8221;off&#8221;]<\/p>\n<p><b>Qu&#8217;est-ce que la PrEP ?<\/b><\/p>\n<p><span style=\"font-weight: 400\">Selon son nom anglais (pre-exposure prophylaxis) le m\u00e9dicament appel\u00e9 PrEP est un outil de pr\u00e9vention du VIH, un comprim\u00e9, qui prot\u00e8ge les personnes n\u00e9gatives de l&#8217;infection VIH par des principe actifs antir\u00e9troviraux. On prend les m\u00e9dicaments antir\u00e9troviraux (ARV) lorsqu\u2019on est expos\u00e9 au risque d&#8217;infection par le VIH et pour r\u00e9duire le risque de l&#8217;infection.\u00a0<\/span><\/p>\n<p><span style=\"font-weight: 400\">La PrEP est extr\u00eamement efficace pour pr\u00e9venir la transmission sexuelle de l&#8217;infection par le VIH \u00e0 condition que les m\u00e9dicaments soient pris r\u00e9guli\u00e8rement, comme d\u00e9crit dans le guide patient.\u00a0 Cependant, la PrEP ne prot\u00e8ge pas contre d&#8217;autres infections sexuellement transmissibles ou de la grossesse.<\/span><\/p>\n<p><b>En r\u00e9sum\u00e9, la PrEP est un comprim\u00e9 qui peut \u00eatre utilis\u00e9 pour pr\u00e9venir l\u2019infection par le VIH. Ce comprim\u00e9 peut \u00eatre pris seulement par des personnes n\u00e9gatives du VIH afin d&#8217;\u00e9viter de se faire contaminer.<\/b><\/p>\n<p><b>La PrEP ne prot\u00e8ge pas contre d\u2019autres infections sexuellement transmissibles, uniquement contre le VIH.<\/b><\/p>\n<p><span style=\"font-weight: 400\">Pour plus d&#8217;informations, veuillez cliquer ici : <\/span><a href=\"https:\/\/www.poz.com\/basics\/hiv-basics\/pep-prep\"><span style=\"font-weight: 400\">https:\/\/www.poz.com\/basics\/hiv-basics\/pep-prep<\/span><\/a><\/p>\n<p><span style=\"font-weight: 400\">Le centre principal de d\u00e9pistage se trouve \u00e0 Budapest, en plus la possibilit\u00e9 du d\u00e9pistage r\u00e9gulier et de l\u2019examen m\u00e9dical sont offerts dans les institutions hospitali\u00e8res de trois grandes villes rurales de Hongrie en particulier des maladies li\u00e9es au VIH. Les centres r\u00e9gionaux restent \u00e0 la disposition des personnes concern\u00e9es afin de d\u00e9terminer la charge virale et le taux de cellules des lymphocytes T, ainsi qu&#8217;en cas d&#8217;autre maladie ou sympt\u00f4me concomitant. Vous avez la possibilit\u00e9 de profiter de la th\u00e9rapie VIH, autrement dit de se faire prescrire et r\u00e9gler vos m\u00e9dicaments aux centres externes.\u00a0<\/span><\/p>\n<p><span style=\"font-weight: 400\">Veuillez nous contacter \u00e0 l&#8217;adresse suivante pour la prescription de PrEP: Institution hospitali\u00e8re de Pest de sud &#8211; Institut National d&#8217;H\u00e9matologie et d&#8217;Infectiologie; ambulance VIH\/Sida, (D\u00e9l-Pesti Centrumk\u00f3rh\u00e1z Orsz\u00e1gos Hematol\u00f3giai \u00e9s Infektol\u00f3giai Int\u00e9zet; HIV\/AIDS ambulancia) Dr J\u00e1nos Szl\u00e1vik m\u00e9decin-chef de d\u00e9partement.\u00a0 Jours ouvrables : de 8h00 \u00e0 15h00, Adresse : H-1097 Budapest, Gy\u00e1li \u00fat 5-7. 14.\u00e9p\u00fclet<\/span><\/p>\n<p><span style=\"font-weight: 400\">T\u00e9l 1 :\u00a0 +36-1\/455-8152 ; T\u00e9l.2. : +36-1\/455-8192<\/span><\/p>\n<p style=\"text-align: justify\">[\/et_pb_text][\/et_pb_column][\/et_pb_row][\/et_pb_section]<\/p>\n<span class=\"et_bloom_bottom_trigger\"><\/span>","protected":false},"excerpt":{"rendered":"<p>Pr\u00e9ventionQu&#8217;est-ce que la PrEP ? Selon son nom anglais (pre-exposure prophylaxis) le m\u00e9dicament appel\u00e9 PrEP est un outil de pr\u00e9vention du VIH, un comprim\u00e9, qui prot\u00e8ge les personnes n\u00e9gatives de l&#8217;infection VIH par des principe actifs antir\u00e9troviraux. On prend les m\u00e9dicaments antir\u00e9troviraux (ARV) lorsqu\u2019on est expos\u00e9 au risque d&#8217;infection par le VIH et pour r\u00e9duire [&hellip;]<\/p>\n","protected":false},"author":3,"featured_media":0,"parent":0,"menu_order":0,"comment_status":"closed","ping_status":"closed","template":"","meta":{"_et_pb_use_builder":"on","_et_pb_old_content":"","_et_gb_content_width":"","footnotes":""},"class_list":["post-610","page","type-page","status-publish","hentry"],"_links":{"self":[{"href":"https:\/\/anonimaids.hu\/fr\/wp-json\/wp\/v2\/pages\/610","targetHints":{"allow":["GET"]}}],"collection":[{"href":"https:\/\/anonimaids.hu\/fr\/wp-json\/wp\/v2\/pages"}],"about":[{"href":"https:\/\/anonimaids.hu\/fr\/wp-json\/wp\/v2\/types\/page"}],"author":[{"embeddable":true,"href":"https:\/\/anonimaids.hu\/fr\/wp-json\/wp\/v2\/users\/3"}],"replies":[{"embeddable":true,"href":"https:\/\/anonimaids.hu\/fr\/wp-json\/wp\/v2\/comments?post=610"}],"version-history":[{"count":0,"href":"https:\/\/anonimaids.hu\/fr\/wp-json\/wp\/v2\/pages\/610\/revisions"}],"wp:attachment":[{"href":"https:\/\/anonimaids.hu\/fr\/wp-json\/wp\/v2\/media?parent=610"}],"curies":[{"name":"wp","href":"https:\/\/api.w.org\/{rel}","templated":true}]}}