{"id":589,"date":"2019-11-02T21:16:06","date_gmt":"2019-11-02T21:16:06","guid":{"rendered":"https:\/\/anonimaids.hu\/?page_id=589"},"modified":"2021-08-03T12:01:44","modified_gmt":"2021-08-03T12:01:44","slug":"test-rapide","status":"publish","type":"page","link":"https:\/\/anonimaids.hu\/fr\/test-rapide\/","title":{"rendered":"Test rapide"},"content":{"rendered":"<p>[et_pb_section fb_built=&#8221;1&#8243; admin_label=&#8221;Header&#8221; _builder_version=&#8221;3.26.2&#8243; custom_padding=&#8221;||0px||false|false&#8221; locked=&#8221;off&#8221;][et_pb_row _builder_version=&#8221;3.29.3&#8243;][et_pb_column type=&#8221;4_4&#8243; _builder_version=&#8221;3.26.2&#8243;][et_pb_text admin_label=&#8221;Sz\u00f6veg&#8221; _builder_version=&#8221;4.9.10&#8243; header_font=&#8221;Englebert|300|||||||&#8221; header_text_color=&#8221;#0a2d61&#8243; header_font_size=&#8221;80px&#8221; custom_padding=&#8221;3px||||false|false&#8221; header_font_size_tablet=&#8221;70px&#8221; header_font_size_phone=&#8221;36px&#8221; header_font_size_last_edited=&#8221;on|phone&#8221; locked=&#8221;off&#8221;]<\/p>\n<h1>Test rapide<\/h1>\n<p>[\/et_pb_text][et_pb_button button_url=&#8221;\/fr\/contact\/#time&#8221; button_text=&#8221;Heures de consultations&#8221; _builder_version=&#8221;4.9.10&#8243; custom_button=&#8221;on&#8221; button_text_size=&#8221;14px&#8221; button_text_color=&#8221;#ffffff&#8221; button_bg_use_color_gradient=&#8221;on&#8221; button_bg_color_gradient_start=&#8221;#ffb565&#8243; button_bg_color_gradient_end=&#8221;#ff8e60&#8243; button_bg_color_gradient_direction=&#8221;148deg&#8221; button_border_width=&#8221;0px&#8221; button_border_radius=&#8221;100px&#8221; button_letter_spacing=&#8221;2px&#8221; button_font=&#8221;Heebo|700||on|||||&#8221; custom_margin=&#8221;|345px||345px|false|false&#8221; custom_padding=&#8221;15px|34px|15px|34px|true|true&#8221; box_shadow_style=&#8221;preset3&#8243; box_shadow_vertical=&#8221;10px&#8221; box_shadow_blur=&#8221;30px&#8221; box_shadow_spread=&#8221;-10px&#8221; box_shadow_color=&#8221;rgba(255,142,96,0.39)&#8221; locked=&#8221;off&#8221; box_shadow_color__hover=&#8221;#2585b2&#8243; box_shadow_blur__hover_enabled=&#8221;off&#8221; box_shadow_blur__hover=&#8221;20px&#8221; box_shadow_vertical__hover_enabled=&#8221;off&#8221; box_shadow_vertical__hover=&#8221;10px&#8221;][\/et_pb_button][\/et_pb_column][\/et_pb_row][et_pb_row use_custom_gutter=&#8221;on&#8221; gutter_width=&#8221;4&#8243; make_equal=&#8221;on&#8221; custom_padding_last_edited=&#8221;on|tablet&#8221; _builder_version=&#8221;3.26.2&#8243; background_color=&#8221;#ffffff&#8221; overflow-x=&#8221;visible&#8221; overflow-y=&#8221;visible&#8221; custom_margin=&#8221;31px|auto||auto||false&#8221; custom_padding=&#8221;80px|60px|80px|60px|true|true&#8221; custom_padding_tablet=&#8221;&#8221; custom_padding_phone=&#8221;30px|20px|30px|20px|true|true&#8221; box_shadow_style=&#8221;preset3&#8243; box_shadow_vertical=&#8221;26px&#8221; box_shadow_blur=&#8221;90px&#8221; box_shadow_spread=&#8221;-14px&#8221; box_shadow_color=&#8221;rgba(0,71,214,0.18)&#8221; locked=&#8221;off&#8221; box_shadow_vertical__hover=&#8221;10px&#8221; box_shadow_vertical__hover_enabled=&#8221;off&#8221; box_shadow_blur__hover=&#8221;20px&#8221; box_shadow_blur__hover_enabled=&#8221;off&#8221; box_shadow_color__hover=&#8221;#2585b2&#8243;][et_pb_column type=&#8221;4_4&#8243; _builder_version=&#8221;3.26.2&#8243; custom_padding_tablet=&#8221;0px||||false|false&#8221; custom_padding_last_edited=&#8221;off|tablet&#8221;][et_pb_text _builder_version=&#8221;4.9.10&#8243; text_font=&#8221;||||||||&#8221; text_font_size=&#8221;17px&#8221; text_line_height=&#8221;1.8em&#8221; header_3_font=&#8221;Heebo|800|||||||&#8221; header_3_font_size=&#8221;28px&#8221; header_3_line_height=&#8221;1.2em&#8221; hover_enabled=&#8221;0&#8243; text_font_size_tablet=&#8221;17px&#8221; text_font_size_phone=&#8221;14px&#8221; text_font_size_last_edited=&#8221;on|phone&#8221; header_3_font_tablet=&#8221;Heebo|700|||||||&#8221; header_3_font_phone=&#8221;&#8221; header_3_font_last_edited=&#8221;on|phone&#8221; header_3_font_size_tablet=&#8221;24px&#8221; header_3_font_size_phone=&#8221;18px&#8221; header_3_font_size_last_edited=&#8221;on|phone&#8221; locked=&#8221;off&#8221; sticky_enabled=&#8221;0&#8243;]<\/p>\n<p><b>Qu\u2019est-ce qu\u2019un test rapide du VIH ?<\/b><\/p>\n<p><span style=\"font-weight: 400\">Le test combin\u00e9 Alere Determine\u2122 VIH-1\/2 Ag\/Ab du Service de Consultation Anonyme du SIDA est utilis\u00e9 pour d\u00e9tecter la pr\u00e9sence de l&#8217;antig\u00e8ne p24 du VIH-1 et les anticorps produits contre les VIH-1 et VIH-2. Au lieu d&#8217;attendre une semaine, le r\u00e9sultat est disponible en 20 minutes. C&#8217;est pourquoi, on l\u2019appelle rapide.<\/span><\/p>\n<p><img loading=\"lazy\" decoding=\"async\" src=\"https:\/\/anonimaids.hu\/wp-content\/uploads\/2019\/11\/test-rapide.jpg\" width=\"380\" height=\"268\" alt=\"\" class=\"wp-image-595 alignnone size-full\" style=\"margin-left: auto;margin-right: auto\" srcset=\"https:\/\/anonimaids.hu\/wp-content\/uploads\/2019\/11\/test-rapide.jpg 380w, https:\/\/anonimaids.hu\/wp-content\/uploads\/2019\/11\/test-rapide-300x212.jpg 300w\" sizes=\"(max-width: 380px) 100vw, 380px\" \/><\/p>\n<p><b>Comment fonctionne le d\u00e9pistage du VIH par test rapide ?<\/b><\/p>\n<p><span style=\"font-weight: 400\">Avec un instrument simple, non-r\u00e9utilisable, indolore on prend deux gouttes de sang au bout du doigt pour le test. Tandis qu\u2019on attend les r\u00e9sultats du test, le personnel du service conseiller donne des informations sur les risques du VIH et d\u2019autres maladies sexuellement transmissibles, sur les questions qui se posent et sur les p\u00e9riodes fen\u00eatre exactes des tests, etc.<\/span><b>\u00a0<\/b><\/p>\n<p><b>La p\u00e9riode fen\u00eatre du test rapide est<\/b><b>-elle<\/b><b> aussi long que celle des tests de laboratoire ?<\/b><\/p>\n<h3><\/h3>\n<p><span style=\"font-weight: 400\">Oui. Bien qu\u2019il ne soit pas possible de d\u00e9cider exactement, selon <\/span><i><span style=\"font-weight: 400\">la notice d\u2019utilisation<\/span><\/i><span style=\"font-weight: 400\"> du fabricant la charge virale, de 0 \u00e0 26 jours apr\u00e8s l\u2019infection, est \u00e9lev\u00e9 ainsi que le risque de transmission de l\u2019infection. De ce fait, le niveau d\u2019antig\u00e8ne p24 du virus VIH-1 est \u00e9galement \u00e9lev\u00e9, ce que le test peut d\u00e9tecter d\u2019une mani\u00e8re fiable entre le 12<\/span><span style=\"font-weight: 400\">e<\/span><span style=\"font-weight: 400\"> et le 26<\/span><span style=\"font-weight: 400\">e<\/span><span style=\"font-weight: 400\"> jours. Les anticorps anti-VIH-1 et anti-VIH2 apparaissent g\u00e9n\u00e9ralement de 20 \u00e0 45 jours apr\u00e8s l\u2019infection, donc l\u2019infection peut \u00eatre bien d\u00e9tect\u00e9e apr\u00e8s cette p\u00e9riode.<\/span><\/p>\n<h3><\/h3>\n<p><span style=\"font-weight: 400\">Au total, 28 jours, c\u2019est-\u00e0-dire presqu\u2019un mois doit passer apr\u00e8s un risque d\u2019infection donn\u00e9 afin que le test puisse donner un r\u00e9sultat fiable concernant un risque d\u2019infection.<\/span><\/p>\n<p><span style=\"font-weight: 400\">Par cons\u00e9quent, veuillez attendre toujours la fin de la p\u00e9riode fen\u00eatre.\u00a0<\/span><\/p>\n<h3><\/h3>\n<p><span style=\"font-weight: 400\">Les tests rapides ne donnent pas de diagnostic. C\u2019est-\u00e0-dire que pour confirmer un r\u00e9sultat, il est indispensable de faire un test sanguin avec du sang pr\u00e9lev\u00e9 de la veine afin d\u2019effectuer le test de laboratoire.<\/span><\/p>\n<h3><\/h3>\n<p><b>Qu\u2019est-ce que la p\u00e9riode fen\u00eatre signifie\u00a0?<\/b><\/p>\n<h3><\/h3>\n<p><span style=\"font-weight: 400\">Si on avait eu une relation sexuelle non-prot\u00e9g\u00e9e le week-end, le test rapide ne donnerait pas un r\u00e9sultat fiable tout de suite ?<\/span><\/p>\n<h3><\/h3>\n<p><span style=\"font-weight: 400\">C\u2019est vrai, il NE le r\u00e9v\u00e9lera PAS. Il ne donnerait pas un r\u00e9sultat fiable tout de suite apr\u00e8s le risque possible. <\/span><b>Le risque et la suspicion d\u2019infection par le VIH ne se r\u00e9v\u00e8lent pas dans le r\u00e9sultat du test effectu\u00e9 au cours de la p\u00e9riode fen\u00eatre de 4 semaines.<\/b><span style=\"font-weight: 400\"> Quatres semaines apr\u00e8s l\u2019infection, la plupart des gens produisent d\u00e9j\u00e0 suffisamment d\u2019anticorps, dont la pr\u00e9sence peut \u00eatre d\u00e9tect\u00e9e par le test avec fiabilit\u00e9.<\/span><\/p>\n<h3><\/h3>\n<p><b>Que dois-je faire si je d\u00e9tecte des sympt\u00f4mes de l\u2019une des IST\u00a0?<\/b><\/p>\n<h3><\/h3>\n<p><span style=\"font-weight: 400\">Si vous manifestez des sympt\u00f4mes des infections sexuellement transmissibles (IST) ou vous vous pr\u00e9occupez d\u2019un risque possible r\u00e9cent, veuillez-vous rendre \u00e0 la dermato-v\u00e9n\u00e9r\u00e9ologie du centre local de sant\u00e9 sexuelle, ou au centre Karolina durant les heures de consultation ou vous pouvez nous contacter par courrier \u00e9lectronique. La meilleure r\u00e8gle \u00e0 suivre, c\u2019est de consulter un m\u00e9decin tout de suite d\u00e8s que vous remarquez des changements dans le corps \u2013 par exemple, des d\u00e9mangeaisons ou une s\u00e9cr\u00e9tion d\u2019ur\u00e8tre, etc. \u2013, de demander un test de d\u00e9pistage et, s\u2019il est n\u00e9cessaire, traiter l\u2019infection. Lorsque les sympt\u00f4mes sont clairs et l\u2019identification de l\u2019infection est \u00e9vidente, le m\u00e9decin peut d\u00e9cider de commencer le traitement imm\u00e9diatement, sans attendre les r\u00e9sultats du test. Nous vous recommandons d\u2019\u00e9viter les relations sexuelles dans cet intervalle, pendant que le traitement persiste pour pr\u00e9venir la transmission de l\u2019infection.<\/span><\/p>\n<h3><\/h3>\n<p><b>Sur la base de ce qui pr\u00e9c\u00e8de, quelle est l\u2019exactitude des tests rapides du VIH\u00a0?<\/b><\/p>\n<p><span style=\"font-weight: 400\">Ils sont extr\u00eamement pr\u00e9cis, leur sensibilit\u00e9 est au-dessus de 99\u00a0%. Dans le cas o\u00f9 le test ne r\u00e9agit pas, il s\u2019agit d\u2019un r\u00e9sultat \u00ab\u00a0non r\u00e9actif\u00a0\u00bb. Cela signifie que le patient \u00e9tait n\u00e9gatif il y a un mois, compte tenu de la p\u00e9riode fen\u00eatre.<\/span><\/p>\n<p><b>Selon un ami il y a des cas o\u00f9 le r\u00e9sultat est \u00ab\u00a0faux ou faux-positif\u00a0\u00bb. Qu\u2019est-ce que cela signifie\u00a0?<\/b><\/p>\n<p><span style=\"font-weight: 400\">Le test rapide du VIH est tr\u00e8s sensible. Cette sensibilit\u00e9 assure que le test r\u00e9agit toujours si les anticorps du VIH sont pr\u00e9sents dans le sang pr\u00e9lev\u00e9. C\u2019est pour cette raison que le test est tr\u00e8s sensible, parfois le test r\u00e9agit m\u00eame si les anticorps du VIH n\u2019y sont pas pr\u00e9sents. Cette sensibilit\u00e9 risque d\u2019obtenir un r\u00e9sultat \u00ab faux ou faux-positif \u00bb. En fait, cela implique que si le test rapide donne un r\u00e9sultat r\u00e9actif, il faut faire des tests de confirmation en laboratoire, puisque le r\u00e9sultat peut \u00eatre clairement n\u00e9gatif. C\u2019est tr\u00e8s rare, mais possible. Pour cette raison, nous faisons toujours le pr\u00e9l\u00e8vement du sang apr\u00e8s un r\u00e9sultat r\u00e9actif pour faire des tests de confirmation.<\/span><\/p>\n<p><b>Suis-je cens\u00e9 faire un test sanguin standard apr\u00e8s avoir eu un r\u00e9sultat r\u00e9actif\u00a0?<\/b><\/p>\n<p><span style=\"font-weight: 400\">Oui, tout \u00e0 fait : si vous obtenez un r\u00e9sultat r\u00e9actif, il faut le confirmer\u00a0; pour faire un test de confirmation, un \u00e9chantillon de sang de veine est analys\u00e9 dans le laboratoire. Puis, vous devez revenir dans huit jours pour les r\u00e9sultats. Si l\u2019\u00e9chantillon contient l\u2019antig\u00e8ne VIH-1 et\/ou les anticorps VIH-1, VIH-2, une bande rouge appara\u00eet sur le test, dans la zone d\u2019antig\u00e8nes ou dans la zone d\u2019anticorps. Si aucune bande rouge n\u2019appara\u00eet pas dans la zone de contr\u00f4le, le test est ind\u00e9termin\u00e9 il faut le r\u00e9p\u00e9ter. M\u00eame si une bande rouge appara\u00eet dans l\u2019une des fen\u00eatres, d\u2019antig\u00e8ne ou d\u2019anticorps, le processus est le m\u00eame. Dans ce cas-l\u00e0, le Service r\u00e9alise et \u00e9value le test avec son partenaire de laboratoire. Aucun test ne peut affirmer avec certitude que l\u2019\u00e9chantillon ne contient pas un faible niveau d\u2019antig\u00e8ne p24 du VIH-1 et\/ou d\u2019anticorps VIH-1 et VIH-2 si l\u2019infection est dans un stade pr\u00e9coce.<\/span><\/p>\n<p><b>Mais le r\u00e9sultat n\u00e9gatif signifie que je suis n\u00e9gatif du VIH ?<\/b><\/p>\n<p><span style=\"font-weight: 400\">Un r\u00e9sultat non r\u00e9actif signifie que vous \u00e9tiez s\u00e9ron\u00e9gatif il y a un mois au maximum.\u00a0 Pour que vous ayez une image claire de votre statut VIH, vous devez essayer de faire r\u00e9guli\u00e8rement un d\u00e9pistage du VIH en tenant compte toujours de la p\u00e9riode de fen\u00eatre. Nous vous recommandons de faire le d\u00e9pistage du VIH r\u00e9guli\u00e8rement tous les trois mois.<\/span><\/p>\n<p><span style=\"font-weight: 400\"><img loading=\"lazy\" decoding=\"async\" src=\"https:\/\/anonimaids.hu\/wp-content\/uploads\/2019\/11\/result.jpg\" width=\"266\" height=\"190\" alt=\"\" class=\"wp-image-598 alignnone size-full\" style=\"margin-left: auto;margin-right: auto\" \/><\/span><\/p>\n<p>&nbsp;<\/p>\n<p>[\/et_pb_text][\/et_pb_column][\/et_pb_row][\/et_pb_section]<\/p>\n<span class=\"et_bloom_bottom_trigger\"><\/span>","protected":false},"excerpt":{"rendered":"<p>Test rapideQu\u2019est-ce qu\u2019un test rapide du VIH ? Le test combin\u00e9 Alere Determine\u2122 VIH-1\/2 Ag\/Ab du Service de Consultation Anonyme du SIDA est utilis\u00e9 pour d\u00e9tecter la pr\u00e9sence de l&#8217;antig\u00e8ne p24 du VIH-1 et les anticorps produits contre les VIH-1 et VIH-2. Au lieu d&#8217;attendre une semaine, le r\u00e9sultat est disponible en 20 minutes. C&#8217;est [&hellip;]<\/p>\n","protected":false},"author":5536,"featured_media":0,"parent":0,"menu_order":0,"comment_status":"closed","ping_status":"closed","template":"","meta":{"_et_pb_use_builder":"on","_et_pb_old_content":"","_et_gb_content_width":"","footnotes":""},"class_list":["post-589","page","type-page","status-publish","hentry"],"_links":{"self":[{"href":"https:\/\/anonimaids.hu\/fr\/wp-json\/wp\/v2\/pages\/589","targetHints":{"allow":["GET"]}}],"collection":[{"href":"https:\/\/anonimaids.hu\/fr\/wp-json\/wp\/v2\/pages"}],"about":[{"href":"https:\/\/anonimaids.hu\/fr\/wp-json\/wp\/v2\/types\/page"}],"author":[{"embeddable":true,"href":"https:\/\/anonimaids.hu\/fr\/wp-json\/wp\/v2\/users\/5536"}],"replies":[{"embeddable":true,"href":"https:\/\/anonimaids.hu\/fr\/wp-json\/wp\/v2\/comments?post=589"}],"version-history":[{"count":0,"href":"https:\/\/anonimaids.hu\/fr\/wp-json\/wp\/v2\/pages\/589\/revisions"}],"wp:attachment":[{"href":"https:\/\/anonimaids.hu\/fr\/wp-json\/wp\/v2\/media?parent=589"}],"curies":[{"name":"wp","href":"https:\/\/api.w.org\/{rel}","templated":true}]}}