{"id":582,"date":"2019-11-02T21:11:18","date_gmt":"2019-11-02T21:11:18","guid":{"rendered":"https:\/\/anonimaids.hu\/?page_id=582"},"modified":"2021-08-03T11:43:33","modified_gmt":"2021-08-03T11:43:33","slug":"depistage-du-vih-test-du-vih","status":"publish","type":"page","link":"https:\/\/anonimaids.hu\/fr\/depistage-du-vih-test-du-vih\/","title":{"rendered":"D\u00e9pistage du VIH, test du VIH"},"content":{"rendered":"<p>[et_pb_section fb_built=&#8221;1&#8243; admin_label=&#8221;Header&#8221; _builder_version=&#8221;3.26.2&#8243; custom_padding=&#8221;||124px||false|false&#8221; locked=&#8221;off&#8221;][et_pb_row _builder_version=&#8221;3.29.3&#8243;][et_pb_column type=&#8221;4_4&#8243; _builder_version=&#8221;3.26.2&#8243;][et_pb_text _builder_version=&#8221;4.9.10&#8243; header_font=&#8221;Englebert|300|||||||&#8221; header_text_color=&#8221;#0a2d61&#8243; header_font_size=&#8221;80px&#8221; hover_enabled=&#8221;0&#8243; header_font_size_tablet=&#8221;70px&#8221; header_font_size_phone=&#8221;36px&#8221; header_font_size_last_edited=&#8221;on|phone&#8221; locked=&#8221;off&#8221; custom_padding=&#8221;3px||||false|false&#8221; sticky_enabled=&#8221;0&#8243;]<\/p>\n<h1>Test de laboratoire<\/h1>\n<p>[\/et_pb_text][et_pb_button button_url=&#8221;\/fr\/contact\/#time&#8221; button_text=&#8221;Heures de consultation&#8221; _builder_version=&#8221;4.9.10&#8243; custom_button=&#8221;on&#8221; button_text_size=&#8221;14px&#8221; button_text_color=&#8221;#ffffff&#8221; button_bg_use_color_gradient=&#8221;on&#8221; button_bg_color_gradient_start=&#8221;#ffb565&#8243; button_bg_color_gradient_end=&#8221;#ff8e60&#8243; button_bg_color_gradient_direction=&#8221;148deg&#8221; button_border_width=&#8221;0px&#8221; button_border_radius=&#8221;100px&#8221; button_letter_spacing=&#8221;2px&#8221; button_font=&#8221;Heebo|700||on|||||&#8221; custom_padding=&#8221;15px|34px|15px|34px|true|true&#8221; hover_enabled=&#8221;0&#8243; box_shadow_style=&#8221;preset3&#8243; box_shadow_vertical=&#8221;10px&#8221; box_shadow_blur=&#8221;30px&#8221; box_shadow_spread=&#8221;-10px&#8221; box_shadow_color=&#8221;rgba(255,142,96,0.39)&#8221; locked=&#8221;off&#8221; box_shadow_color__hover=&#8221;#2585b2&#8243; box_shadow_blur__hover_enabled=&#8221;off&#8221; box_shadow_blur__hover=&#8221;20px&#8221; box_shadow_vertical__hover_enabled=&#8221;off&#8221; box_shadow_vertical__hover=&#8221;10px&#8221; custom_margin=&#8221;|370px||370px|false|false&#8221; sticky_enabled=&#8221;0&#8243; custom_margin_last_edited=&#8221;on|phone&#8221; custom_margin_phone=&#8221;|10px||10px|false|false&#8221;][\/et_pb_button][\/et_pb_column][\/et_pb_row][et_pb_row use_custom_gutter=&#8221;on&#8221; gutter_width=&#8221;4&#8243; make_equal=&#8221;on&#8221; custom_padding_last_edited=&#8221;on|tablet&#8221; _builder_version=&#8221;3.29.3&#8243; background_color=&#8221;#ffffff&#8221; overflow-x=&#8221;visible&#8221; overflow-y=&#8221;visible&#8221; custom_margin=&#8221;31px|auto||auto||false&#8221; custom_padding=&#8221;80px|78px|80px|78px|true|true&#8221; custom_padding_tablet=&#8221;&#8221; custom_padding_phone=&#8221;30px|20px|30px|20px|true|true&#8221; box_shadow_style=&#8221;preset3&#8243; box_shadow_vertical=&#8221;26px&#8221; box_shadow_blur=&#8221;90px&#8221; box_shadow_spread=&#8221;-14px&#8221; box_shadow_color=&#8221;rgba(0,71,214,0.18)&#8221; locked=&#8221;off&#8221; box_shadow_vertical__hover=&#8221;10px&#8221; box_shadow_vertical__hover_enabled=&#8221;off&#8221; box_shadow_blur__hover=&#8221;20px&#8221; box_shadow_blur__hover_enabled=&#8221;off&#8221; box_shadow_color__hover=&#8221;#2585b2&#8243;][et_pb_column type=&#8221;4_4&#8243; _builder_version=&#8221;3.26.2&#8243; custom_padding_tablet=&#8221;0px||||false|false&#8221; custom_padding_last_edited=&#8221;off|tablet&#8221;][et_pb_text _builder_version=&#8221;4.9.10&#8243; text_font=&#8221;||||||||&#8221; text_font_size=&#8221;17px&#8221; text_line_height=&#8221;1.8em&#8221; header_3_font=&#8221;Heebo|800|||||||&#8221; header_3_font_size=&#8221;28px&#8221; header_3_line_height=&#8221;1.2em&#8221; custom_padding=&#8221;|||0px||&#8221; hover_enabled=&#8221;0&#8243; text_font_size_tablet=&#8221;17px&#8221; text_font_size_phone=&#8221;14px&#8221; text_font_size_last_edited=&#8221;on|phone&#8221; header_3_font_tablet=&#8221;Heebo|700|||||||&#8221; header_3_font_phone=&#8221;&#8221; header_3_font_last_edited=&#8221;on|phone&#8221; header_3_font_size_tablet=&#8221;24px&#8221; header_3_font_size_phone=&#8221;18px&#8221; header_3_font_size_last_edited=&#8221;on|phone&#8221; locked=&#8221;off&#8221; sticky_enabled=&#8221;0&#8243;]<\/p>\n<h1><b>D\u00e9pistage du VIH, test du VIH<\/b><\/h1>\n<p><span style=\"font-weight: 400\">Il est d\u00e9cisif pour la r\u00e9ussite du traitement du SIDA de faire un diagnostic le plus t\u00f4t possible, ce qui est bas\u00e9 sur la d\u00e9tection des virus VIH dans le sang, plus pr\u00e9cis\u00e9ment sur la d\u00e9tection des anticorps produits par l&#8217;organisme contre ces virus. Les tests de laboratoire d\u00e9tectant les anticorps sont simplement appel\u00e9s le test.<\/span><\/p>\n<p><span style=\"font-weight: 400\">Il existe deux types de test fondamentaux : les tests de d\u00e9pistage (\u201escreening\u201d), et les tests de confirmation. Ceux-ci permettent d\u2019affirmer le diagnostic. Les tests de d\u00e9pistage \u2013 comme les d\u00e9pistages en g\u00e9n\u00e9ral \u2013 permettent de faire un grand nombre de d\u00e9pistages relativement rapides, pr\u00e9cis et id\u00e9alement pas trop chers, afin de d\u00e9cider que parmi les personnes examin\u00e9es qui auraient besoin d\u2019un examen m\u00e9dical plus complexe. Autrement dit, les d\u00e9pistages \u2013 le d\u00e9pistage anonyme y compris \u2013 ne sont pas utilis\u00e9s pour \u00e9tablir un diagnoctic, mais pour confirmer ou refuser le soup\u00e7on de l\u2019infection VIH. Quant au diagnostic, il ne peut \u00eatre \u00e9tabli qu\u2019en cas de plusieurs r\u00e9sultats positifs.<\/span><\/p>\n<p><b>Dans quel cas le test est-il conseill\u00e9 ?<\/b><\/p>\n<p><span style=\"font-weight: 400\">Avant le d\u00e9but d\u2019une relation durable, d\u2019un mariage, ou d\u2019une grossesse pour chaque membre du couple.<\/span><\/p>\n<p><span style=\"font-weight: 400\">En cas de changement fr\u00e9quent de partenaire.<\/span><\/p>\n<p><span style=\"font-weight: 400\">En cas de rapport sexuel non prot\u00e9g\u00e9, ou bien en cas de d\u00e9chirement ou de glissement du pr\u00e9servatif, faites le test 4 semaines apr\u00e8s la prise de risque.<\/span><\/p>\n<p><span style=\"font-weight: 400\">En cas de partage de seringue ou d\u2019aiguille, faites le test 4 semaines apr\u00e8s la prise de risque.<\/span><\/p>\n<p><b>Quand faire le test ?<\/b><\/p>\n<p><b>Venez faire le test au moins 4 semaines apr\u00e8s la derni\u00e8re prise de risque.<\/b><\/p>\n<p><span style=\"font-weight: 400\">Les examens de laboratoire appropri\u00e9s permettent de d\u00e9tecter le VIH le plus t\u00f4t 4 semaines apr\u00e8s la contamination. C\u2019est-\u00e0-dire que le test demande un d\u00e9lai de 4 semaines apr\u00e8s le risque potentiel, autrement dit, il peut \u00eatre effectu\u00e9 apr\u00e8s la dite \u00ab\u00a0p\u00e9riode fen\u00eatre\u00a0\u00bb.<\/span><\/p>\n<p><b>Qu\u2019est-ce que la p\u00e9riode \u00ab\u00a0fen\u00eatre\u00a0\u00bb\u00a0?<\/b><\/p>\n<p><span style=\"font-weight: 400\">La p\u00e9riode \u00ab\u00a0fen\u00eatre\u00a0\u00bb est la p\u00e9riode pendant laquelle l\u2019infection VIH ne peut \u00eatre d\u00e9tect\u00e9e par aucun test de laboratoire ou d\u2019autres proc\u00e9dures. Cette p\u00e9riode dure de 2 \u00e0 4 semaines apr\u00e8s l\u2019infection. Pendant cette p\u00e9riode, la personne porteuse du VIH peut d\u00e9j\u00e0 transmettre le virus.<\/span><\/p>\n<p><span style=\"font-weight: 400\">Le test diff\u00e8re du test de laboratoire normal, aucune pr\u00e9paration particuli\u00e8re n\u2019est requise, vous pouvez manger et boire avant le test.<\/span><\/p>\n<p><b>Qu\u2019est-ce que je dois porter avec moi\u00a0?<\/b><\/p>\n<p><span style=\"font-weight: 400\">A la demande des clients qui viennent au test de d\u00e9pistage chez AATSZ, nos m\u00e9decins effectuent le d\u00e9pistage ind\u00e9pendamment du sexe, de la nationalit\u00e9, du comportement sexuel, d\u2019autre maladie, de la consommation de drogue et celle d\u2019autres produits excitants. Nous donnons des conseils aux questions pos\u00e9es. Nous faisons le test VIH gratuitement, et vous n\u2019avez pas besoin de fournir votre nom et vos donn\u00e9es personnelles si vous ne le souhaitez pas. Aucun document d\u2019identit\u00e9 n\u2019est requis. M\u00eame pour des ressortissants \u00e9trangers.<\/span><\/p>\n<p><span style=\"font-weight: 400\">La s\u00e9curit\u00e9 de l\u2019anonymat est double\u00a0: une devise et un code-barres personnels. Ainsi, tout en gardant l\u2019anonymat, la confusion des tests est impossible. L\u2019anonymat de la personne examin\u00e9e est toujours assur\u00e9 et gard\u00e9.<\/span><\/p>\n<p><b>Que se passe-t-il lors d\u2019un d\u00e9pistage anonyme\u00a0?<\/b><\/p>\n<p><span style=\"font-weight: 400\">La premi\u00e8re rencontre<\/span><\/p>\n<p><span style=\"font-weight: 400\">L\u2019objectif de la premi\u00e8re rencontre est l\u2019\u00e9valuation du risque, le m\u00e9decin qui effectue le d\u00e9pistage et le client anonyme discutent la probabilit\u00e9 du VIH positif dans le cas pr\u00e9cis. S\u2019il est n\u00e9cessaire et le client le souhaite, une prise de sang est effectu\u00e9e sur la base de laquelle le test de d\u00e9pistage est fait dans le laboratoire coop\u00e9rant.<\/span><\/p>\n<p><span style=\"font-weight: 400\">Pour ce test, ni le nom, ni n\u2019importe quelle donn\u00e9e personnelle du client ne sont requis, le m\u00e9decin ne l\u2019interroge pas sur ce sujet. Notre test de d\u00e9pistage du VIH est anonyme et gratuit.<\/span><\/p>\n<p><b>Le test<\/b><\/p>\n<p><span style=\"font-weight: 400\">Chaque fois, la prise de sang se r\u00e9alise exclusivement \u00e0 l\u2019aide d\u2019instruments jetables. Le sang est pr\u00e9lev\u00e9 de la veine pour le test de d\u00e9pistage du VIH effectu\u00e9 dans un laboratoire sp\u00e9cialis\u00e9 o\u00f9 nos coll\u00e8gues travaillent avec les outils de test les plus modernes. Le sang pr\u00e9lev\u00e9 est stock\u00e9 dans un tube \u00e0 vide jetable rev\u00eatu d\u2019un code-barres personnels. Les r\u00e9sultats sont envoy\u00e9s par voie \u00e9lectronique. Nous les stockons sur un support de donn\u00e9es prot\u00e9g\u00e9 par un code, et nous les donnons uniquement personnellement au client examin\u00e9.<\/span><\/p>\n<p><span style=\"font-weight: 400\">Le r\u00e9sultat\u00a0: de 7 \u00e0 8 jours apr\u00e8s la prise de sang, nous aurons le r\u00e9sultat qui peut \u00eatre pris personnellement \u00e0 n\u2019importe quelles heures de consultation dans notre cabinet. Ensuite, il est possible que nous l\u2019envoyons par voie \u00e9lectronique \u00e0 l\u2019adresse mail donn\u00e9e par le client. Le r\u00e9sultat du test rapide est donn\u00e9 dans les 20 minutes apr\u00e8s la prise de sang.<\/span><\/p>\n<p><b>R\u00e9sultat n\u00e9gatif<\/b><\/p>\n<p><span style=\"font-weight: 400\">Si le r\u00e9sultat du test de d\u00e9pistage est n\u00e9gatif, le client est n\u00e9gatif. Dans ce cas, si n\u00e9cessaire, et le client le demande, le m\u00e9decin lui indique le chemin \u00e0 suivre pour conserver ce statut.<\/span><\/p>\n<p><b>R\u00e9sultat r\u00e9actif ou positif<\/b><\/p>\n<p><span style=\"font-weight: 400\">Si le r\u00e9sultat du premier test de d\u00e9pistage est r\u00e9actif, cela doit \u00eatre interpr\u00e9t\u00e9 comme une forte suspicion du VIH positif. Dans ce cas, un test suppl\u00e9mentaire est n\u00e9cessaire pour confirmer ou infirmer le VIH positif. C&#8217;est ce qu&#8217;on appelle la v\u00e9rification.<\/span><\/p>\n<p><span style=\"font-weight: 400\">La raison en est que dans certains cas, le r\u00e9sultat du test de d\u00e9pistage est faux positif. Le r\u00e9sultat peut \u00eatre faux positif \u00e0 cause de la pr\u00e9sence d&#8217;une infection virale (r\u00e9trovirus) appartenant \u00e0 la m\u00eame famille virale, la co\u00efncidence<\/span> <span style=\"font-weight: 400\">de la pr\u00e9sence d&#8217;une maladie du moment du d\u00e9pistage ou bien d\u2019une vaccination r\u00e9cente. Par cons\u00e9quent, un test plus approfondi est n\u00e9cessaire en cas de la suspicion du VIH positif. Le diagnostic du VIH positif est \u00e9tabli par AATSZ dans le laboratoire sp\u00e9cialis\u00e9 coop\u00e9rant. La preuve de la vraie positivit\u00e9 est pr\u00e9c\u00e9d\u00e9e d\u2019un examen m\u00e9dical compos\u00e9 de plusieurs \u00e9tapes afin d\u2019\u00e9liminer la possibilit\u00e9 des r\u00e9sultats faux positifs mentionn\u00e9s ci-dessus. Les tests rapides sont \u00e9galement accessibles dans le cabinet m\u00e9dical de notre service.<\/span><\/p>\n<p>[\/et_pb_text][\/et_pb_column][\/et_pb_row][\/et_pb_section]<\/p>\n<span class=\"et_bloom_bottom_trigger\"><\/span>","protected":false},"excerpt":{"rendered":"<p>Test de laboratoireD\u00e9pistage du VIH, test du VIH Il est d\u00e9cisif pour la r\u00e9ussite du traitement du SIDA de faire un diagnostic le plus t\u00f4t possible, ce qui est bas\u00e9 sur la d\u00e9tection des virus VIH dans le sang, plus pr\u00e9cis\u00e9ment sur la d\u00e9tection des anticorps produits par l&#8217;organisme contre ces virus. Les tests de [&hellip;]<\/p>\n","protected":false},"author":5536,"featured_media":0,"parent":0,"menu_order":0,"comment_status":"closed","ping_status":"closed","template":"","meta":{"_et_pb_use_builder":"on","_et_pb_old_content":"","_et_gb_content_width":"","footnotes":""},"class_list":["post-582","page","type-page","status-publish","hentry"],"_links":{"self":[{"href":"https:\/\/anonimaids.hu\/fr\/wp-json\/wp\/v2\/pages\/582","targetHints":{"allow":["GET"]}}],"collection":[{"href":"https:\/\/anonimaids.hu\/fr\/wp-json\/wp\/v2\/pages"}],"about":[{"href":"https:\/\/anonimaids.hu\/fr\/wp-json\/wp\/v2\/types\/page"}],"author":[{"embeddable":true,"href":"https:\/\/anonimaids.hu\/fr\/wp-json\/wp\/v2\/users\/5536"}],"replies":[{"embeddable":true,"href":"https:\/\/anonimaids.hu\/fr\/wp-json\/wp\/v2\/comments?post=582"}],"version-history":[{"count":0,"href":"https:\/\/anonimaids.hu\/fr\/wp-json\/wp\/v2\/pages\/582\/revisions"}],"wp:attachment":[{"href":"https:\/\/anonimaids.hu\/fr\/wp-json\/wp\/v2\/media?parent=582"}],"curies":[{"name":"wp","href":"https:\/\/api.w.org\/{rel}","templated":true}]}}