{"id":547,"date":"2019-11-02T20:32:57","date_gmt":"2019-11-02T20:32:57","guid":{"rendered":"https:\/\/anonimaids.hu\/?page_id=547"},"modified":"2019-12-08T17:37:45","modified_gmt":"2019-12-08T17:37:45","slug":"a-propos-de-nous","status":"publish","type":"page","link":"https:\/\/anonimaids.hu\/fr\/a-propos-de-nous\/","title":{"rendered":"\u00c0 propos de nous"},"content":{"rendered":"<p>[et_pb_section fb_built=&#8221;1&#8243; admin_label=&#8221;Header&#8221; _builder_version=&#8221;3.26.2&#8243; use_background_color_gradient=&#8221;on&#8221; background_color_gradient_start=&#8221;#ffffff&#8221; background_color_gradient_end=&#8221;#dbf0fc&#8221; background_color_gradient_direction=&#8221;160deg&#8221; overflow-x=&#8221;hidden&#8221; overflow-y=&#8221;hidden&#8221; custom_margin=&#8221;||||false|false&#8221; custom_padding=&#8221;||100px||false|false&#8221; bottom_divider_style=&#8221;slant&#8221; bottom_divider_color=&#8221;#ffffff&#8221; bottom_divider_height=&#8221;60vw&#8221; bottom_divider_flip=&#8221;horizontal&#8221; locked=&#8221;off&#8221;][et_pb_row _builder_version=&#8221;3.26.2&#8243;][et_pb_column type=&#8221;4_4&#8243; _builder_version=&#8221;3.26.2&#8243;][et_pb_text _builder_version=&#8221;4.0.7&#8243; header_font=&#8221;Heebo|300|||||||&#8221; header_text_color=&#8221;#0a2d61&#8243; header_font_size=&#8221;110px&#8221; header_2_font=&#8221;Englebert|300|||||||&#8221; header_2_font_size=&#8221;80px&#8221; hover_enabled=&#8221;0&#8243; header_font_size_tablet=&#8221;70px&#8221; header_font_size_phone=&#8221;36px&#8221; header_font_size_last_edited=&#8221;on|phone&#8221; locked=&#8221;off&#8221; header_2_text_color=&#8221;#0a2d61&#8243;]<\/p>\n<h2>\u00c0 propos de nous<\/h2>\n<p>[\/et_pb_text][\/et_pb_column][\/et_pb_row][et_pb_row use_custom_gutter=&#8221;on&#8221; gutter_width=&#8221;4&#8243; make_equal=&#8221;on&#8221; _builder_version=&#8221;3.27.4&#8243; background_color=&#8221;#ffffff&#8221; overflow-x=&#8221;visible&#8221; overflow-y=&#8221;visible&#8221; custom_margin=&#8221;|||||false&#8221; custom_padding=&#8221;3px|60px|100px|60px|false|true&#8221; box_shadow_style=&#8221;preset3&#8243; box_shadow_vertical=&#8221;26px&#8221; box_shadow_blur=&#8221;90px&#8221; box_shadow_spread=&#8221;-14px&#8221; box_shadow_color=&#8221;rgba(0,71,214,0.18)&#8221; locked=&#8221;off&#8221; box_shadow_vertical__hover=&#8221;10px&#8221; box_shadow_vertical__hover_enabled=&#8221;off&#8221; box_shadow_blur__hover=&#8221;20px&#8221; box_shadow_blur__hover_enabled=&#8221;off&#8221; box_shadow_color__hover=&#8221;#2585b2&#8243;][et_pb_column type=&#8221;4_4&#8243; _builder_version=&#8221;3.26.2&#8243; custom_padding=&#8221;80px||||false|false&#8221; custom_padding_tablet=&#8221;0px||||false|false&#8221; custom_padding_phone=&#8221;&#8221; custom_padding_last_edited=&#8221;on|tablet&#8221;][et_pb_text _builder_version=&#8221;3.29.3&#8243; text_font=&#8221;||||||||&#8221; text_font_size=&#8221;17px&#8221; text_line_height=&#8221;1.8em&#8221; header_2_font=&#8221;Heebo|500|||||||&#8221; header_2_text_color=&#8221;#0a2d61&#8243; header_2_font_size=&#8221;60px&#8221; header_2_line_height=&#8221;1.1em&#8221; max_width=&#8221;100%&#8221; min_height=&#8221;2489px&#8221; custom_margin=&#8221;|-93px||||&#8221; text_font_size_tablet=&#8221;17px&#8221; text_font_size_phone=&#8221;14px&#8221; text_font_size_last_edited=&#8221;on|phone&#8221; header_2_font_size_tablet=&#8221;40px&#8221; header_2_font_size_phone=&#8221;24px&#8221; header_2_font_size_last_edited=&#8221;on|phone&#8221; locked=&#8221;off&#8221;]<\/p>\n<h2>\u00a0<\/h2>\n<p style=\"text-align: justify\"><span style=\"font-weight: 400\">Le Service de Consultation Anonyme du SIDA <\/span><span style=\"font-weight: 400\">[<\/span><b>Anonym AIDS Tan\u00e1csad\u00f3 Szolg\u00e1lat (AATSZ)<\/b><span style=\"font-weight: 400\">]<\/span> <span style=\"font-weight: 400\">est fond\u00e9e en 1988 sous le nom de l\u2019Association de lutte contre le SIDA avec la coop\u00e9ration des m\u00e9decins engag\u00e9s. En 1992, celle-ci devient une association enregistr\u00e9e en tant que Service de Consultation Anonyme du SIDA qui est capable de profiter du soutien des cantons suisses. Gr\u00e2ce \u00e0 ce soutien, les m\u00e9decins ont la possibilit\u00e9 d&#8217;\u00e9tablir <\/span><b>le cabinet m\u00e9dical<\/b><span style=\"font-weight: 400\"> et <\/span><b>le bureau de consultation <\/b><span style=\"font-weight: 400\">qui servent \u00e0 <\/span><b>renseigner<\/b><span style=\"font-weight: 400\"> toutes les personnes concern\u00e9es, particuli\u00e8rement des personnes au sein des groupes du comportement sexuel \u00e0 risque de contracter <\/span><b>l&#8217;infection VIH\/SIDA.<\/b><span style=\"font-weight: 400\"> Un service permanent de d\u00e9pistage <\/span><b>anonyme<\/b><span style=\"font-weight: 400\"> est assur\u00e9 aux personnes concern\u00e9es. Le Service a lanc\u00e9 des formations continues ausssi aux m\u00e9decins. Gr\u00e2ce \u00e0 son <\/span><b>programme de renseignement et de d\u00e9pistage<\/b><span style=\"font-weight: 400\">, le Service devient un leader et une plate-forme de recherche des personnes infect\u00e9es par le VIH. D\u00e8s le d\u00e9but, l\u2019association r\u00e9ussit \u00e0 <\/span><b>rassembler 25-30% des personnes infect\u00e9es par le VIH et \u00e0 les pr\u00e9parer aux th\u00e9rapies accessibles.<\/b><\/p>\n<p style=\"text-align: justify\"><span style=\"font-weight: 400\">\u00c0 l&#8217;\u00e9poque, les membres de l&#8217;Association, r\u00e9pondant aux exigences internationales, lancent une ligne t\u00e9l\u00e9phonique directe de consultation qui d&#8217;un jour \u00e0 l&#8217;autre devient populaire. Chaque mois, <\/span><b>les conseillers t\u00e9l\u00e9phoniques<\/b><span style=\"font-weight: 400\"> (m\u00e9decins, psychologues, sociologues et assistants qualifi\u00e9s) \u00e9valuent des discussions pr\u00e9alablement enregistr\u00e9es par une magn\u00e9tophone. Ils examinent et d\u00e9finissent leur mission selon la culture sociale et sanitaire de la Hongrie. Le groupe enthousiaste, conduit par la responsabilit\u00e9 sociale, \u00e0 l&#8217;occassion de la Journ\u00e9e mondiale de la lutte contre le SIDA (organis\u00e9e chaque ann\u00e9e le 1<\/span><span style=\"font-weight: 400\">e<\/span><span style=\"font-weight: 400\"> d\u00e9cembre) et aussi de nombreux \u00e9v\u00e9nements sanitaires, des rencontres de jeunesse, des r\u00e9unions de club, enseigne et communique des actualit\u00e9s scientifiques. Le nombre de participants aux d\u00e9pistages du VIH et aux conf\u00e9rences augmente de plus en plus. L&#8217;objectif du centre de d\u00e9pistage \u00e9tait toujours <\/span><b>la lutte et la protection contre le VIH et la diffusion des informations.<\/b><span style=\"font-weight: 400\"> Gr\u00e2ce \u00e0 la modernisation (instruments m\u00e9dicaux, ordinateurs) et un soutien obtenu en 2000, l&#8217;Association peut continuer son travail efficace. Un site internet est \u00e9tabli qui rend possible de s\u2019adresser \u00e0 plusieurs milliers de personnes int\u00e9ress\u00e9es en leur donnant des conseils importants. Le Service essaie de faire appel \u00e0 la g\u00e9n\u00e9rosit\u00e9 publique pour financer les d\u00e9pistages. En d\u00e9pit des probl\u00e8mes financiers, l\u2019aide des membres enhousiastes de l&#8217;association\u00a0 garantit le d\u00e9pistage permanent et <\/span><b>chaque ann\u00e9e, on effectue de 5000 \u00e0 6000 d\u00e9pistages anonymes du VIH<\/b><span style=\"font-weight: 400\">.<\/span><\/p>\n<p><b>Nos objectifs<\/b><\/p>\n<p><b>Pr\u00e9vention de la transmission de l&#8217;infection du VIH et du SIDA<\/b><span style=\"font-weight: 400\"><br \/><\/span><b>Accompagnement personnel \u2013\u00a0 en particulier des comportements sexuels des personnes<\/b><span style=\"font-weight: 400\"><br \/><\/span><b>Travail sur la protection sanitaire, la pr\u00e9vention des maladies et le renseignement<\/b><span style=\"font-weight: 400\"><br \/><\/span><b>Campagnes de d\u00e9pistages anonymes et gratuits du VIH, de l\u2019h\u00e9patite et de la syphilis<\/b><span style=\"font-weight: 400\"><br \/><\/span><b>Participation active aux soins et au traitement des personnes infect\u00e9es<\/b><span style=\"font-weight: 400\"><br \/><\/span><b>R\u00e9daction et \u00e9dition des\u00a0 publications \u00e9ducatives<\/b><span style=\"font-weight: 400\"><br \/><\/span><b>Organisation des pr\u00e9sentations\u00a0 de renseignement et participation aux \u00e9v\u00e9nements<\/b><\/p>\n<p><b>Notre mission : Sant\u00e9. Responsabilit\u00e9. Pr\u00e9vention. Service.<\/b><\/p>\n<h2><img loading=\"lazy\" decoding=\"async\" class=\"wp-image-551 aligncenter \" src=\"https:\/\/anonimaids.hu\/wp-content\/uploads\/2019\/11\/office-300x111.jpg\" alt=\"\" width=\"457\" height=\"169\" \/><\/h2>\n<p style=\"text-align: justify\"><span style=\"font-weight: 400\">Pr\u00e9servation de <\/span><b>la sant\u00e9<\/b><span style=\"font-weight: 400\">. Renforcement de <\/span><b>la responsabilit\u00e9<\/b><span style=\"font-weight: 400\"> de soi et la responsabilit\u00e9 interpersonnelle. Pr\u00e9vention <\/span><b>des infections<\/b><span style=\"font-weight: 400\"> de l\u2019h\u00e9patite, du VIH\/SIDA et de la chance de contaminer les autres, ainsi que la diminution du nombre ou du taux croissant des personnes infect\u00e9es par d\u00e9pistage, par <\/span><b>renseignement<\/b><span style=\"font-weight: 400\"> et par distraction en particulier parmi les consommateurs de drogues injectables.\u00a0<\/span><\/p>\n<p style=\"text-align: justify\"><span style=\"font-weight: 400\">Selon le Service, les connaissances de la soci\u00e9t\u00e9 hongroise sont incompl\u00e8tes. Ainsi, il fait appel \u00e0 la r\u00e9flexion commune et s&#8217;adresse \u00e0 l&#8217;ensemble de la profession, aux responsables politiques et \u00e0 l&#8217;opinion publique. Il met l\u2019accent sur l\u2019enseignement et la pr\u00e9vention.\u00a0 Le Service est support\u00e9 par la confiance sociale, qui est son moteur depuis les 30 derni\u00e8res ann\u00e9es, et aussi par le comportement humain exprim\u00e9 par le slogan \u00ab R\u00e9fl\u00e9chissons Ensemble \u00bb des m\u00e9decins dirigeants et de toute la profession engag\u00e9e.<\/span><\/p>\n<p style=\"text-align: justify\"><span style=\"font-weight: 400\">La mission du Service de Consultation Anonyme du SIDA (association reconnue d\u2019utilit\u00e9 publique) est bas\u00e9e sur <\/span><b>la tol\u00e9rance<\/b><span style=\"font-weight: 400\">, <\/span><b>le travail humanitaire<\/b><span style=\"font-weight: 400\">, le volontariat et <\/span><b>l&#8217;anonymat<\/b><span style=\"font-weight: 400\"> sans condition qui se traduit par\u00a0 la confiance. Son objectif : l&#8217;association est fond\u00e9e au milieu des ann\u00e9es 80, l\u2019\u00e9poque o\u00f9 la pand\u00e9mie de VIH a commenc\u00e9 \u00e0 se r\u00e9pandre, par des m\u00e9decins engag\u00e9s, des assistants sanitaires et des volontaires afin d&#8217;assurer une aide efficace \u00e0 tous les membres de la soci\u00e9t\u00e9 dans la lutte contre cette maladie. Notre service de consultation de protection de vie est compl\u00e9t\u00e9 par le d\u00e9pistage r\u00e9gulier du VIH en 1992. Son but est de pr\u00e9venir l\u2019infection et d&#8217;emp\u00eacher la transmission du VIH, en particulier vers des groupes sociaux \u00e0 haut risque du point de vue des infections. \u00c0 partir de 2005, l&#8217;Association \u00e9largit son travail de l&#8217;accompagnement personnel continu depuis sa fondation. Gr\u00e2ce \u00e0 la confiance sociale, elle lance des programmes de renseignement, de consultation collective de pr\u00e9vention du VIH, ainsi que de consultation individuelle de pr\u00e9vention des infections. En dehors du bureau de conseil de l&#8217;Association, nos lieux de l&#8217;activit\u00e9\u00a0sont les festivals organis\u00e9s chaque ann\u00e9e ciblant une partie sp\u00e9cifique ou l\u2019ensemble de la soci\u00e9t\u00e9. En plus, nous \u00e9galement acc\u00e9dons aux lieux publiques o\u00f9 le syst\u00e8me de sant\u00e9 r\u00e9gulier n\u2019est pas capable d\u2019agir : des parcs, des bains et des bo\u00eetes priv\u00e9es dans la r\u00e9gion. Chaque ann\u00e9e, l\u2019Association pr\u00e9pare et diffuse des brochures \u00e9crites et des brochures en ligne pour les groupes \u00e0 risque et les tranches d&#8217;\u00e2ge sexuellement actifs et particuli\u00e8rement menac\u00e9s, ainsi que pour 3\u00a0500 000 citoyens en faisant passer les brochures dans 1800 cabinets de m\u00e9decin g\u00e9n\u00e9raliste. En plus, des activit\u00e9s d&#8217;\u00e9ducation de mode de vie, de changement de mode de vie, de d\u00e9veloppement de sant\u00e9, de consultation individuelle sont cr\u00e9\u00e9es pour les groupes sexuellement actifs et pour les groupes \u00e0 risque. Le nombre de d\u00e9pistages anonymes du VIH effectu\u00e9s par l&#8217;Association est \u00e0 peu pr\u00e8s \u00e9gal \u00e0 celui effectu\u00e9s par les services m\u00e9dicaux dans le pays entier. L\u2019estimation de taux d\u2019infection annuelle est entre 25 \u00e0 30 %. Chaque ann\u00e9e, nous consultons 15 000 personnes,\u00a0 et nous testons 6 000 personnes. Le d\u00e9pistage et la consultation du VIH ont lieu dans le bureau de consultation ou le cabinet de l&#8217;Association lors des heures de consultation d\u00e9finies et annonc\u00e9es \u00e0 l&#8217;avance. Les m\u00e9decins et les infirmiers volontaires sp\u00e9cialis\u00e9s de l&#8217;Association participent \u00e9galement, avec des campagnes de d\u00e9pistage, aux clubs d&#8217;\u00e9tudiant et scolaires, ainsi qu\u2019aux festivals.<\/span><\/p>\n<p>&nbsp;<\/p>\n<p>[\/et_pb_text][\/et_pb_column][\/et_pb_row][\/et_pb_section]<\/p>\n<span class=\"et_bloom_bottom_trigger\"><\/span>","protected":false},"excerpt":{"rendered":"<p>\u00c0 propos de nous\u00a0 Le Service de Consultation Anonyme du SIDA [Anonym AIDS Tan\u00e1csad\u00f3 Szolg\u00e1lat (AATSZ)] est fond\u00e9e en 1988 sous le nom de l\u2019Association de lutte contre le SIDA avec la coop\u00e9ration des m\u00e9decins engag\u00e9s. En 1992, celle-ci devient une association enregistr\u00e9e en tant que Service de Consultation Anonyme du SIDA qui est capable [&hellip;]<\/p>\n","protected":false},"author":5536,"featured_media":0,"parent":0,"menu_order":0,"comment_status":"closed","ping_status":"closed","template":"","meta":{"_et_pb_use_builder":"on","_et_pb_old_content":"","_et_gb_content_width":"","footnotes":""},"class_list":["post-547","page","type-page","status-publish","hentry"],"_links":{"self":[{"href":"https:\/\/anonimaids.hu\/fr\/wp-json\/wp\/v2\/pages\/547","targetHints":{"allow":["GET"]}}],"collection":[{"href":"https:\/\/anonimaids.hu\/fr\/wp-json\/wp\/v2\/pages"}],"about":[{"href":"https:\/\/anonimaids.hu\/fr\/wp-json\/wp\/v2\/types\/page"}],"author":[{"embeddable":true,"href":"https:\/\/anonimaids.hu\/fr\/wp-json\/wp\/v2\/users\/5536"}],"replies":[{"embeddable":true,"href":"https:\/\/anonimaids.hu\/fr\/wp-json\/wp\/v2\/comments?post=547"}],"version-history":[{"count":0,"href":"https:\/\/anonimaids.hu\/fr\/wp-json\/wp\/v2\/pages\/547\/revisions"}],"wp:attachment":[{"href":"https:\/\/anonimaids.hu\/fr\/wp-json\/wp\/v2\/media?parent=547"}],"curies":[{"name":"wp","href":"https:\/\/api.w.org\/{rel}","templated":true}]}}