{"id":3445,"date":"2020-10-20T12:37:04","date_gmt":"2020-10-20T12:37:04","guid":{"rendered":"https:\/\/anonimaids.hu\/?page_id=3445"},"modified":"2021-07-26T12:38:01","modified_gmt":"2021-07-26T12:38:01","slug":"book-an-appointment","status":"publish","type":"page","link":"https:\/\/anonimaids.hu\/en\/book-an-appointment\/","title":{"rendered":"Id\u0151ponfoglal\u00e1s"},"content":{"rendered":"<p>[et_pb_section fb_built=&#8221;1&#8243; admin_label=&#8221;Header&#8221; _builder_version=&#8221;4.4.8&#8243; use_background_color_gradient=&#8221;on&#8221; background_color_gradient_start=&#8221;#ffffff&#8221; background_color_gradient_end=&#8221;#dbf0fc&#8221; background_color_gradient_direction=&#8221;160deg&#8221; min_height=&#8221;1638px&#8221; min_height_tablet=&#8221;&#8221; min_height_phone=&#8221;&#8221; min_height_last_edited=&#8221;on|phone&#8221; overflow-x=&#8221;hidden&#8221; overflow-y=&#8221;hidden&#8221; custom_margin=&#8221;||||false|false&#8221; custom_padding=&#8221;50px||50px||false|false&#8221; bottom_divider_style=&#8221;slant&#8221; bottom_divider_color=&#8221;#ffffff&#8221; bottom_divider_height=&#8221;50vw&#8221; bottom_divider_flip=&#8221;horizontal&#8221; locked=&#8221;off&#8221;][et_pb_row _builder_version=&#8221;3.29.3&#8243;][et_pb_column type=&#8221;4_4&#8243; _builder_version=&#8221;3.29.3&#8243;][et_pb_text _builder_version=&#8221;4.9.10&#8243; header_font=&#8221;Englebert|300|||||||&#8221; header_text_color=&#8221;#0a2d61&#8243; header_font_size=&#8221;80px&#8221; custom_margin=&#8221;|10px||||&#8221; hover_enabled=&#8221;0&#8243; header_font_size_tablet=&#8221;70px&#8221; header_font_size_phone=&#8221;36px&#8221; header_font_size_last_edited=&#8221;on|phone&#8221; custom_padding=&#8221;|9px||5px||&#8221; sticky_enabled=&#8221;0&#8243; width=&#8221;97.5%&#8221;]<\/p>\n<h1><\/h1>\n<h1>Id\u0151pontfoglal\u00e1s<\/h1>\n<p>&nbsp;<\/p>\n<h4 style=\"text-align: center\">Tisztelt \u00c9rdekl\u0151d\u0151!<\/h4>\n<h5 style=\"text-align: justify\">Lefoglalt id\u0151pontj\u00e1r\u00f3l visszaigazol\u00e1st k\u00fcld\u00fcnk!<br \/>K\u00e9rj\u00fck, az automatikus visszaigazol\u00e1st tartalmaz\u00f3 e-mailt keresse levelez\u0151rendszer\u00e9nek <strong>SPAM\/Lev\u00e9lszem\u00e9t <\/strong>mapp\u00e1j\u00e1ban is!<\/h5>\n<h5 style=\"text-align: justify\">K\u00e9rj\u00fck a SPAM mapp\u00e1t is friss\u00edtse, mikor a visszaigazol\u00e1sra, vagy az eredm\u00e9ny\u00e9re keres r\u00e1.<br \/>\u00c1tir\u00e1ny\u00edtott e-mail c\u00edm eset\u00e9n, az e-mail eredeti kliens\u00e9be l\u00e9pjen be, \u00e9s\u00a0 a SPAM map\u00e1t ott is ellen\u0151rizze!<br \/>Meg\u00e9rt\u00e9s\u00e9t \u00e9s egy\u00fcttm\u0171k\u00f6d\u00e9s\u00e9t k\u00f6sz\u00f6nj\u00fck!<\/h5>\n<h5 style=\"text-align: justify\"><strong><\/strong><\/h5>\n<h5 style=\"text-align: justify\"><strong><\/strong><\/h5>\n<h5 style=\"text-align: justify\"><strong>Tisztelt Klienseink! <\/strong><\/h5>\n<h5 style=\"text-align: justify\"><span>Az al\u00e1bbi int\u00e9zked\u00e9seket vegy\u00e9k figyelembe \u00e9s a megv\u00e1ltozott m\u0171k\u00f6d\u00e9si rend\u00fcnk szerint vegy\u00e9k ig\u00e9nybe a Karolina Rendel\u0151 ell\u00e1t\u00e1s\u00e1t. <\/span><\/h5>\n<h5 style=\"text-align: justify\">K\u00e9rj\u00fck klienseinket, hogy a j\u00e1rv\u00e1ny\u00fcgyi int\u00e9zked\u00e9seket szem el\u0151tt tartva, mindannyiunk \u00e9rdek\u00e9ben k\u00f6vess\u00e9k szigor\u00faan az al\u00e1bbi utas\u00edt\u00e1sokat:<\/h5>\n<h5 style=\"text-align: justify\"><\/h5>\n<h5 style=\"text-align: justify\">\u00c1tmenetileg jelige alap\u00fa el\u0151jegyz\u00e9st vezet\u00fcnk be.<\/h5>\n<h5 style=\"text-align: justify\">Honlapunkon az al\u00e1bbi linken<br \/><span style=\"color: #0c71c3\"><strong><a href=\"http:\/\/www.anonimaids.hu\/idopontfoglalas%20\" style=\"color: #0c71c3\">www.anonimaids.hu\/idopontfoglalas<\/a><\/strong><\/span><br \/>foglalhatnak id\u0151pontot.<br \/>Anonimit\u00e1suk tov\u00e1bbra is teljes m\u00e9rt\u00e9kben biztos\u00edtott, el\u0151jegyezni b\u00e1rmilyen<\/h5>\n<h5 style=\"text-align: justify\"><strong>NEM beazonos\u00edthat\u00f3<\/strong>, <strong>szem\u00e9lyes adatokat NEM tartalmaz\u00f3 e-mail c\u00edmmel is lehet<\/strong>, amelyre visszaigazol\u00e1st is kapnak.<\/h5>\n<h5 style=\"text-align: justify\">KERESS\u00c9K A SPAMEK, ILLETVE LEV\u00c9LSZEM\u00c9T K\u00d6Z\u00d6TT IS!<\/h5>\n<h5 style=\"text-align: justify\">Rendel\u0151nk v\u00e1r\u00f3j\u00e1ban 1 kliensn\u00e9l t\u00f6bb nem tart\u00f3zkodhat. V\u00e1rakoz\u00e1s kiz\u00e1r\u00f3lag a Karolina Rendel\u0151 el\u0151tti szabadt\u00e9ren lehet.<\/h5>\n<h5 style=\"text-align: justify\">A Karolina Rendel\u0151be val\u00f3 bel\u00e9p\u00e9s kiz\u00e1r\u00f3lag sz\u00e1jmaszkban, vagy az arcot (sz\u00e1j- \u00e9s orrny\u00edl\u00e1st egy\u00fcttesen) eltakar\u00f3 kend\u0151ben lehet.<\/h5>\n<h5 style=\"text-align: justify\">A Karolina Rendel\u0151be val\u00f3 bel\u00e9p\u00e9skor kez\u00e9t k\u00f6telez\u0151en fert\u0151tlen\u00edtse a kihelyezett alkoholos k\u00e9zfert\u0151tlen\u00edt\u0151vel!<\/h5>\n<h5 style=\"text-align: justify\">A Karolina Rendel\u0151 el\u0151tti v\u00e1rakoz\u00e1s k\u00f6zben k\u00e9rj\u00fck egym\u00e1st\u00f3l tartani a biztons\u00e1gos 2 m\u00e9teres t\u00e1vols\u00e1got.<\/h5>\n<h5 style=\"text-align: justify\">K\u00e9rj\u00fck, az el\u0151jegyzett id\u0151pontra \u00e9rkezzen pontosan!<\/h5>\n<h5 style=\"text-align: justify\">K\u00e9rj\u00fck, k\u00eds\u00e9r\u0151 n\u00e9lk\u00fcl \u00e9rkezzen. Hogy cs\u00f6kkents\u00fck a kontaktusok sz\u00e1m\u00e1t.<\/h5>\n<h5 style=\"text-align: justify\">A gyorsteszt eredm\u00e9ny\u00e9t aznapi kiad\u00e1ssal elektronikus \u00faton k\u00fcldj\u00fck el.<\/h5>\n<h5 style=\"text-align: justify\">Mindannyiunk \u00e9rdeke, hogy k\u00f6z\u00f6s egy\u00fcttm\u0171k\u00f6d\u00e9ssel, minim\u00e1lisra cs\u00f6kkents\u00fck a COVID_19 j\u00e1rv\u00e1ny terjed\u00e9s\u00e9t.<\/h5>\n<h5 style=\"text-align: justify\">Amennyiben az al\u00e1bbi \u00e1ll\u00edt\u00e1sok egyike igaz \u00d6nre, NE j\u00f6jj\u00f6n tesztre:<\/h5>\n<h5 style=\"text-align: justify\">az elm\u00falt 1 h\u00e9tben l\u00e9g\u00fati fert\u0151z\u00e9sre utal\u00f3 t\u00fcnetei (l\u00e1z, k\u00f6h\u00f6g\u00e9s, akut l\u00e9g\u00fati neh\u00e9zs\u00e9ge volt),<\/h5>\n<h5 style=\"text-align: justify\">vagy ilyen szem\u00e9llyel ker\u00fcltek kapcsolatba.<\/h5>\n<h5 style=\"text-align: justify\">K\u00e9rj\u00fck \u00d6n\u00f6kt\u0151l, hogy ker\u00fclj\u00e9k a testi \u2013 fizikai kontaktust!<\/h5>\n<h5 style=\"text-align: justify\">Orvosaink \u00e9s Dolgoz\u00f3ink maxim\u00e1lisan betartj\u00e1k a fokozott biztons\u00e1gi el\u0151\u00edr\u00e1sokat.<\/h5>\n<h5 style=\"text-align: justify\">K\u00f6sz\u00f6nj\u00fck sz\u00edves egy\u00fcttm\u0171k\u00f6d\u00e9s\u00fcket!<\/h5>\n<p>[\/et_pb_text][\/et_pb_column][\/et_pb_row][et_pb_row use_custom_gutter=&#8221;on&#8221; gutter_width=&#8221;4&#8243; make_equal=&#8221;on&#8221; custom_padding_last_edited=&#8221;on|phone&#8221; _builder_version=&#8221;4.4.8&#8243; background_color=&#8221;#ffffff&#8221; width_tablet=&#8221;&#8221; width_phone=&#8221;100%&#8221; width_last_edited=&#8221;on|phone&#8221; max_width_tablet=&#8221;&#8221; max_width_phone=&#8221;none&#8221; max_width_last_edited=&#8221;on|phone&#8221; min_height=&#8221;600px&#8221; overflow-x=&#8221;visible&#8221; overflow-y=&#8221;visible&#8221; custom_margin=&#8221;30px|auto|0px|auto|false|false&#8221; custom_margin_tablet=&#8221;&#8221; custom_margin_phone=&#8221;15px|0px|15px|0px|false|false&#8221; custom_margin_last_edited=&#8221;on|phone&#8221; custom_padding=&#8221;80px|60px|80px|60px|true|true&#8221; custom_padding_tablet=&#8221;&#8221; custom_padding_phone=&#8221;30px|20px|30px|20px|true|true&#8221; box_shadow_style=&#8221;preset3&#8243; box_shadow_vertical=&#8221;26px&#8221; box_shadow_blur=&#8221;90px&#8221; box_shadow_spread=&#8221;-14px&#8221; box_shadow_color=&#8221;rgba(0,71,214,0.18)&#8221; locked=&#8221;off&#8221; box_shadow_vertical__hover=&#8221;10px&#8221; box_shadow_vertical__hover_enabled=&#8221;off&#8221; box_shadow_blur__hover=&#8221;20px&#8221; box_shadow_blur__hover_enabled=&#8221;off&#8221; box_shadow_color__hover=&#8221;#2585b2&#8243;][et_pb_column type=&#8221;4_4&#8243; _builder_version=&#8221;4.0.6&#8243; custom_padding_tablet=&#8221;0px||||false|false&#8221; custom_padding_last_edited=&#8221;off|tablet&#8221;][et_pb_text _builder_version=&#8221;4.4.7&#8243; text_font=&#8221;||||||||&#8221; text_font_size=&#8221;17px&#8221; text_line_height=&#8221;1.8em&#8221; header_3_font=&#8221;Heebo|800|||||||&#8221; header_3_font_size=&#8221;28px&#8221; header_3_line_height=&#8221;1.2em&#8221; text_font_size_tablet=&#8221;17px&#8221; text_font_size_phone=&#8221;14px&#8221; text_font_size_last_edited=&#8221;on|phone&#8221; header_3_font_tablet=&#8221;Heebo|700|||||||&#8221; header_3_font_phone=&#8221;&#8221; header_3_font_last_edited=&#8221;on|phone&#8221; header_3_font_size_tablet=&#8221;24px&#8221; header_3_font_size_phone=&#8221;18px&#8221; header_3_font_size_last_edited=&#8221;on|phone&#8221; locked=&#8221;off&#8221;]<div class=\"booked-calendar-shortcode-wrap\"><div class=\"booked-calendar-wrap large\"><div class=\"booked-calendar\" data-calendar-date=\"2026-04-01\">\n\t\t<div class=\"bc-head\">\n\n\t\t\t\n\t\t\t<div class=\"bc-row top\">\n\t\t\t\t<div class=\"bc-col\">\n\t\t\t\t\t\t\t\t\t\t<span class=\"calendarSavingState\">\n\t\t\t\t\t\t<i class=\"fa-solid fa-circle-notch fa-spin\"><\/i>\n\t\t\t\t\t<\/span>\n\t\t\t\t\t<span class=\"monthName\">\n\t\t\t\t\t\tApril 2026\t\t\t\t\t\t\t\t\t\t\t<\/span>\n\t\t\t\t\t<a href=\"#\" data-goto=\"2026-05-01\" class=\"page-right\"><i class=\"fa-solid fa-arrow-right\"><\/i><\/a>\t\t\t\t<\/div>\n\t\t\t<\/div>\n\t\t\t<div class=\"bc-row days\">\n\t\t\t\t\t\t\t\t<div class=\"bc-col\">Mon<\/div>\n\t\t\t\t<div class=\"bc-col\">Tue<\/div>\n\t\t\t\t<div class=\"bc-col\">Wed<\/div>\n\t\t\t\t<div class=\"bc-col\">Thu<\/div>\n\t\t\t\t<div class=\"bc-col\">Fri<\/div>\n\t\t\t\t\t\t\t\t\t\t\t<\/div>\n\t\t<\/div>\n\t\t<div class=\"bc-body\"><div class=\"bc-row week\"><div data-date=\"2026-03-30\" class=\"bc-col prev-month prev-date\"><span class=\"date\"><span class=\"number\">30<\/span><\/span><\/div><div data-date=\"2026-03-31\" class=\"bc-col prev-month prev-date\"><span class=\"date\"><span class=\"number\">31<\/span><\/span><\/div><div data-date=\"2026-04-1\" class=\"bc-col prev-date\"><span class=\"date\"><span class=\"number\">1<\/span><\/span><\/div><div data-date=\"2026-04-2\" class=\"bc-col prev-date\"><span class=\"date\"><span class=\"number\">2<\/span><\/span><\/div><div data-date=\"2026-04-3\" class=\"bc-col prev-date\"><span class=\"date\"><span class=\"number\">3<\/span><\/span><\/div><\/div><div class=\"bc-row week\"><div data-date=\"2026-04-6\" class=\"bc-col prev-date\"><span class=\"date\"><span class=\"number\">6<\/span><\/span><\/div><div data-date=\"2026-04-7\" class=\"bc-col prev-date\"><span class=\"date\"><span class=\"number\">7<\/span><\/span><\/div><div data-date=\"2026-04-8\" class=\"bc-col prev-date\"><span class=\"date\"><span class=\"number\">8<\/span><\/span><\/div><div data-date=\"2026-04-9\" class=\"bc-col prev-date\"><span class=\"date\"><span class=\"number\">9<\/span><\/span><\/div><div data-date=\"2026-04-10\" class=\"bc-col prev-date\"><span class=\"date\"><span class=\"number\">10<\/span><\/span><\/div><\/div><div class=\"bc-row week\"><div data-date=\"2026-04-13\" class=\"bc-col prev-date\"><span class=\"date\"><span class=\"number\">13<\/span><\/span><\/div><div data-date=\"2026-04-14\" class=\"bc-col prev-date\"><span class=\"date\"><span class=\"number\">14<\/span><\/span><\/div><div data-date=\"2026-04-15\" class=\"bc-col prev-date\"><span class=\"date\"><span class=\"number\">15<\/span><\/span><\/div><div data-date=\"2026-04-16\" class=\"bc-col prev-date\"><span class=\"date\"><span class=\"number\">16<\/span><\/span><\/div><div data-date=\"2026-04-17\" class=\"bc-col prev-date\"><span class=\"date\"><span class=\"number\">17<\/span><\/span><\/div><\/div><div class=\"bc-row week\"><div data-date=\"2026-04-20\" class=\"bc-col prev-date\"><span class=\"date\"><span class=\"number\">20<\/span><\/span><\/div><div data-date=\"2026-04-21\" class=\"bc-col prev-date\"><span class=\"date\"><span class=\"number\">21<\/span><\/span><\/div><div data-date=\"2026-04-22\" class=\"bc-col today prev-date\"><span class=\"date\"><span class=\"number\">22<\/span><\/span><\/div><div data-date=\"2026-04-23\" class=\"bc-col \"><span class=\"date\"><span class=\"number\">23<\/span><\/span><\/div><div data-date=\"2026-04-24\" class=\"bc-col \"><span class=\"date\"><span class=\"number\">24<\/span><\/span><\/div><\/div><div class=\"bc-row week\"><div data-date=\"2026-04-27\" class=\"bc-col \"><span class=\"date\"><span class=\"number\">27<\/span><\/span><\/div><div data-date=\"2026-04-28\" class=\"bc-col \"><span class=\"date\"><span class=\"number\">28<\/span><\/span><\/div><div data-date=\"2026-04-29\" class=\"bc-col prev-date\"><span class=\"date\"><span class=\"number\">29<\/span><\/span><\/div><div data-date=\"2026-04-30\" class=\"bc-col \"><span class=\"date\"><span class=\"number\">30<\/span><\/span><\/div><div data-date=\"2026-05-1\" class=\"bc-col next-month prev-date\"><span class=\"date\"><span class=\"number\">1<\/span><\/span><\/div><\/div>\t\t<\/div>\n\t<\/div><\/div><\/div>[\/et_pb_text][\/et_pb_column][\/et_pb_row][\/et_pb_section]<\/p>\n<span class=\"et_bloom_bottom_trigger\"><\/span>","protected":false},"excerpt":{"rendered":"<p>[et_pb_section fb_built=&#8221;1&#8243; admin_label=&#8221;Header&#8221; _builder_version=&#8221;4.4.8&#8243; use_background_color_gradient=&#8221;on&#8221; background_color_gradient_start=&#8221;#ffffff&#8221; background_color_gradient_end=&#8221;#dbf0fc&#8221; background_color_gradient_direction=&#8221;160deg&#8221; min_height=&#8221;1638px&#8221; min_height_tablet=&#8221;&#8221; min_height_phone=&#8221;&#8221; min_height_last_edited=&#8221;on|phone&#8221; overflow-x=&#8221;hidden&#8221; overflow-y=&#8221;hidden&#8221; custom_margin=&#8221;||||false|false&#8221; custom_padding=&#8221;50px||50px||false|false&#8221; bottom_divider_style=&#8221;slant&#8221; bottom_divider_color=&#8221;#ffffff&#8221; bottom_divider_height=&#8221;50vw&#8221; bottom_divider_flip=&#8221;horizontal&#8221; locked=&#8221;off&#8221;][et_pb_row _builder_version=&#8221;3.29.3&#8243;][et_pb_column type=&#8221;4_4&#8243; _builder_version=&#8221;3.29.3&#8243;][et_pb_text _builder_version=&#8221;4.9.10&#8243; header_font=&#8221;Englebert|300|||||||&#8221; header_text_color=&#8221;#0a2d61&#8243; header_font_size=&#8221;80px&#8221; custom_margin=&#8221;|10px||||&#8221; hover_enabled=&#8221;0&#8243; header_font_size_tablet=&#8221;70px&#8221; header_font_size_phone=&#8221;36px&#8221; header_font_size_last_edited=&#8221;on|phone&#8221; custom_padding=&#8221;|9px||5px||&#8221; sticky_enabled=&#8221;0&#8243; width=&#8221;97.5%&#8221;] Id\u0151pontfoglal\u00e1s &nbsp; Tisztelt \u00c9rdekl\u0151d\u0151! Lefoglalt id\u0151pontj\u00e1r\u00f3l visszaigazol\u00e1st k\u00fcld\u00fcnk!K\u00e9rj\u00fck, az automatikus visszaigazol\u00e1st tartalmaz\u00f3 e-mailt keresse levelez\u0151rendszer\u00e9nek SPAM\/Lev\u00e9lszem\u00e9t mapp\u00e1j\u00e1ban is! K\u00e9rj\u00fck [&hellip;]<\/p>\n","protected":false},"author":3,"featured_media":0,"parent":0,"menu_order":0,"comment_status":"closed","ping_status":"closed","template":"","meta":{"_et_pb_use_builder":"on","_et_pb_old_content":"[et_pb_section fb_built=\"1\" admin_label=\"Header\" _builder_version=\"4.4.8\" use_background_color_gradient=\"on\" background_color_gradient_start=\"#ffffff\" background_color_gradient_end=\"#dbf0fc\" background_color_gradient_direction=\"160deg\" min_height=\"1638px\" min_height_tablet=\"\" min_height_phone=\"\" min_height_last_edited=\"on|phone\" overflow-x=\"hidden\" overflow-y=\"hidden\" custom_margin=\"||||false|false\" custom_padding=\"50px||50px||false|false\" bottom_divider_style=\"slant\" bottom_divider_color=\"#ffffff\" bottom_divider_height=\"50vw\" bottom_divider_flip=\"horizontal\" locked=\"off\"][et_pb_row _builder_version=\"3.29.3\"][et_pb_column type=\"4_4\" _builder_version=\"3.29.3\"][et_pb_text _builder_version=\"4.5.7\" header_font=\"Englebert|300|||||||\" header_text_color=\"#0a2d61\" header_font_size=\"80px\" custom_margin=\"|-89px||||\" hover_enabled=\"0\" header_font_size_tablet=\"70px\" header_font_size_phone=\"36px\" header_font_size_last_edited=\"on|phone\"]\n<h1>Book an appointment<\/h1>\n<p style=\"text-align: center;\">Tisztelt \u00c9rdekl\u0151d\u0151!\nLefoglalt id\u0151pontj\u00e1r\u00f3l visszaigazol\u00e1st k\u00fcld\u00fcnk!\nK\u00e9rj\u00fck, az automatikus visszaigazol\u00e1st tartalmaz\u00f3 e-mailt keresse levelez\u0151rendszer\u00e9nek\n<strong>SPAM\/Lev\u00e9lszem\u00e9t<\/strong>\nmapp\u00e1j\u00e1ban is!\nK\u00e9rj\u00fck a SPAM mapp\u00e1t is friss\u00edtse, mikor a visszaigazol\u00e1sra, vagy az eredm\u00e9ny\u00e9re keres r\u00e1.\n\u00c1tir\u00e1ny\u00edtott e-mail c\u00edm eset\u00e9n, az e-mail eredeti kliens\u00e9be l\u00e9pjen be, \u00e9s\u00a0 a SPAM map\u00e1t ott is ellen\u0151rizze!\nMeg\u00e9rt\u00e9s\u00e9t \u00e9s egy\u00fcttm\u0171k\u00f6d\u00e9s\u00e9t k\u00f6sz\u00f6nj\u00fck!<\/p>\n[\/et_pb_text][\/et_pb_column][\/et_pb_row][et_pb_row use_custom_gutter=\"on\" gutter_width=\"4\" make_equal=\"on\" custom_padding_last_edited=\"on|phone\" _builder_version=\"4.4.8\" background_color=\"#ffffff\" width_tablet=\"\" width_phone=\"100%\" width_last_edited=\"on|phone\" max_width_tablet=\"\" max_width_phone=\"none\" max_width_last_edited=\"on|phone\" min_height=\"600px\" overflow-x=\"visible\" overflow-y=\"visible\" custom_margin=\"30px|auto|0px|auto|false|false\" custom_margin_tablet=\"\" custom_margin_phone=\"15px|0px|15px|0px|false|false\" custom_margin_last_edited=\"on|phone\" custom_padding=\"80px|60px|80px|60px|true|true\" custom_padding_tablet=\"\" custom_padding_phone=\"30px|20px|30px|20px|true|true\" box_shadow_style=\"preset3\" box_shadow_vertical=\"26px\" box_shadow_blur=\"90px\" box_shadow_spread=\"-14px\" box_shadow_color=\"rgba(0,71,214,0.18)\" locked=\"off\" box_shadow_vertical__hover=\"10px\" box_shadow_vertical__hover_enabled=\"off\" box_shadow_blur__hover=\"20px\" box_shadow_blur__hover_enabled=\"off\" box_shadow_color__hover=\"#2585b2\"][et_pb_column type=\"4_4\" _builder_version=\"4.0.6\" custom_padding_tablet=\"0px||||false|false\" custom_padding_last_edited=\"off|tablet\"][et_pb_text _builder_version=\"4.4.7\" text_font=\"||||||||\" text_font_size=\"17px\" text_line_height=\"1.8em\" header_3_font=\"Heebo|800|||||||\" header_3_font_size=\"28px\" header_3_line_height=\"1.2em\" text_font_size_tablet=\"17px\" text_font_size_phone=\"14px\" text_font_size_last_edited=\"on|phone\" header_3_font_tablet=\"Heebo|700|||||||\" header_3_font_phone=\"\" header_3_font_last_edited=\"on|phone\" header_3_font_size_tablet=\"24px\" header_3_font_size_phone=\"18px\" header_3_font_size_last_edited=\"on|phone\" locked=\"off\"][booked-calendar][\/et_pb_text][\/et_pb_column][\/et_pb_row][\/et_pb_section]","_et_gb_content_width":"","footnotes":""},"class_list":["post-3445","page","type-page","status-publish","hentry"],"_links":{"self":[{"href":"https:\/\/anonimaids.hu\/en\/wp-json\/wp\/v2\/pages\/3445","targetHints":{"allow":["GET"]}}],"collection":[{"href":"https:\/\/anonimaids.hu\/en\/wp-json\/wp\/v2\/pages"}],"about":[{"href":"https:\/\/anonimaids.hu\/en\/wp-json\/wp\/v2\/types\/page"}],"author":[{"embeddable":true,"href":"https:\/\/anonimaids.hu\/en\/wp-json\/wp\/v2\/users\/3"}],"replies":[{"embeddable":true,"href":"https:\/\/anonimaids.hu\/en\/wp-json\/wp\/v2\/comments?post=3445"}],"version-history":[{"count":0,"href":"https:\/\/anonimaids.hu\/en\/wp-json\/wp\/v2\/pages\/3445\/revisions"}],"wp:attachment":[{"href":"https:\/\/anonimaids.hu\/en\/wp-json\/wp\/v2\/media?parent=3445"}],"curies":[{"name":"wp","href":"https:\/\/api.w.org\/{rel}","templated":true}]}}